{"id":4760,"date":"2019-07-26T09:44:54","date_gmt":"2019-07-26T09:44:54","guid":{"rendered":"https:\/\/www.guideturistiche.vda.it\/territoire\/cogne\/"},"modified":"2019-08-01T12:07:27","modified_gmt":"2019-08-01T12:07:27","slug":"cogne","status":"publish","type":"page","link":"https:\/\/www.guideturistiche.vda.it\/fr\/territoire\/cogne\/","title":{"rendered":"Cogne"},"content":{"rendered":"<h1>Cogne<\/h1>\n<div><nav  aria-label=\"Fil d&#039;Ariane\"><ol class=\"breadcrumb\"><li class=\"breadcrumb-item active\" aria-current=\"page\"><span>Guide Turistiche Valle d'Aosta<\/span><\/li><\/ol><\/nav><\/div>\n<p><img decoding=\"async\" src=\"wp-content\/uploads\/Cogne.jpg\" alt=\"\"><\/p>\n<ul>\n<li>\n<h3>Partiellement accessible aux personnes \u00e0 mobilit\u00e9 r\u00e9duite<\/h3>\n<div><span uk-icon=\"icon: warning; ratio:2\"><\/span><\/div>\n<\/li>\n<li>\n<h3>Visites pour groupes<\/h3>\n<div><span uk-icon=\"icon: users; ratio:2\"><\/span><\/div>\n<\/li>\n<li>\n<h3>Visites pour individuels<\/h3>\n<div><span uk-icon=\"icon: user; ratio:2\"><\/span><\/div>\n<\/li>\n<li>\n<h3>Opinions des clients &#8211; 106 commentaires<\/h3>\n<div><span uk-icon=\"icon: star; ratio:2\" style=\"color:#ffc903\"><\/span><span uk-icon=\"icon: star; ratio:2\" style=\"color:#ffc903\"><\/span><span uk-icon=\"icon: star; ratio:2\" style=\"color:#ffc903\"><\/span><span uk-icon=\"icon: star; ratio:2\" style=\"color:#ffc903\"><\/span><span uk-icon=\"icon: star; ratio:2\" style=\"color:#ffc903\"><\/span><\/div>\n<\/li>\n<\/ul>\n<div>\n<p>    <script type=\"application\/ld+json\">\n{\n  \"@context\": \"https:\/\/schema.org\/\",\n  \"@type\": \"TouristAttraction\",\n  \"name\": \"Cogne\",\n  \"description\": \"Cogne est un joli village situ\u00e9 dans le c\u0153ur du Parc National du Grand Paradis, \u00e0 1534 m\u00e8tres d\u2019altitude. Les paysages idylliques de la Valnontey, charmante vall\u00e9e secondaire de la vall\u00e9e de Cogne, rendent cet endroit une destination privil\u00e9gi\u00e9e de la part des excursionnistes en \u00e9t\u00e9 et des passionn\u00e9s de ski de fond en hiver.\",\n\"publicAccess\": true,\n  \"touristType\": [\n      \"Cultural tourism\"\n],\n\"aggregateRating\": {\n    \"@type\": \"AggregateRating\",\n    \"ratingValue\": \"100\",\n    \"bestRating\": \"100\",\n    \"ratingCount\": \"106\"\n  }\n}\n<\/script>\n<\/div>\n<div>\n<p><strong>Cogne<\/strong>\u00a0est un joli village situ\u00e9 dans le c\u0153ur du\u00a0<strong>Parc National du Grand Paradis<\/strong>, \u00e0 1534 m\u00e8tres d\u2019altitude. Les paysages idylliques de la\u00a0<strong>Valnontey<\/strong>, charmante vall\u00e9e secondaire de la vall\u00e9e de Cogne, rendent cet endroit une destination privil\u00e9gi\u00e9e de la part des excursionnistes en \u00e9t\u00e9 et des passionn\u00e9s de ski de fond en hiver. En Valnontey, \u00e0 partir de juin on peut admirer dans le<strong>\u00a0jardin botanique Paradisia\u00a0<\/strong>des floraisons magnifiques, o\u00f9 il est possible de voir le\u00a0<em>Paradies Lilastrum<\/em>, merveilleux lis blanc.<\/p>\n<p>Dans le hameau de Lillaz, il y a le d\u00e9part d\u2019un facile sentier qui permet d\u2019arriver aux magnifiques\u00a0<strong>cascades de Lillaz<\/strong>\u00a0.<\/p>\n<p>Le\u00a0<strong>village de Cogne\u00a0<\/strong>n\u2019est pas seulement connu pour ses paysages stup\u00e9fiants, mais aussi pour son pass\u00e9 riche d\u2019histoire, culture et traditions, qu\u2019on peut revivre pendant la\u00a0<strong>veill\u00e0<\/strong>, f\u00eate o\u00f9 on \u00e9voque la vie d\u2019autrefois, qui a lieu en \u00e9t\u00e9 dans les ruelles du bourg. Pendant la veill\u00e0, on peut admirer l\u2019ex\u00e9cution des dentelles \u00e0 fuseaux et d\u00e9guster des produits gastronomiques typiques, comme la cr\u00e8me de Cogne, le \u00ab\u00a0meculin et fiocca\u00a0\u00bb (une esp\u00e8ce de panettone avec de la chantilly).<\/p>\n<\/div>\n<h2>\n<h2 class=\"uk-heading-line\"><strong>R\u00e9server une visite<\/strong><\/h2>\n<\/h2>\n<div>\n\n<div class=\"wpcf7 no-js\" id=\"wpcf7-f3558-o1\" lang=\"it-IT\" dir=\"ltr\" data-wpcf7-id=\"3558\">\n<div class=\"screen-reader-response\"><p role=\"status\" aria-live=\"polite\" aria-atomic=\"true\"><\/p> <ul><\/ul><\/div>\n<form action=\"\/fr\/wp-json\/wp\/v2\/pages\/4760#wpcf7-f3558-o1\" method=\"post\" class=\"wpcf7-form init\" aria-label=\"Modulo di contatto\" novalidate=\"novalidate\" data-status=\"init\">\n<fieldset class=\"hidden-fields-container\"><input type=\"hidden\" name=\"_wpcf7\" value=\"3558\" \/><input type=\"hidden\" name=\"_wpcf7_version\" value=\"6.1.5\" \/><input type=\"hidden\" name=\"_wpcf7_locale\" value=\"it_IT\" \/><input type=\"hidden\" name=\"_wpcf7_unit_tag\" value=\"wpcf7-f3558-o1\" \/><input type=\"hidden\" name=\"_wpcf7_container_post\" value=\"0\" \/><input type=\"hidden\" name=\"_wpcf7_posted_data_hash\" value=\"\" \/><input type=\"hidden\" name=\"_wpcf7dtx_version\" value=\"5.0.5\" \/>\n<\/fieldset>\n<p><span class=\"wpcf7-form-control-wrap\" data-name=\"your-name\"><input size=\"40\" maxlength=\"400\" class=\"wpcf7-form-control wpcf7-text wpcf7-validates-as-required uk-input\" aria-required=\"true\" aria-invalid=\"false\" placeholder=\"Nom et Pr\u00e8nom\" value=\"\" type=\"text\" name=\"your-name\" \/><\/span>\n<\/p>\n<p><span class=\"wpcf7-form-control-wrap\" data-name=\"your-phone\"><input size=\"40\" maxlength=\"400\" class=\"wpcf7-form-control wpcf7-text wpcf7-validates-as-required uk-input\" aria-required=\"true\" aria-invalid=\"false\" placeholder=\"T\u00e9l\u00e9phone\" value=\"\" type=\"text\" name=\"your-phone\" \/><\/span>\n<\/p>\n<p><span class=\"wpcf7-form-control-wrap\" data-name=\"your-email\"><input size=\"40\" maxlength=\"400\" class=\"wpcf7-form-control wpcf7-email wpcf7-validates-as-required wpcf7-text wpcf7-validates-as-email uk-input\" aria-required=\"true\" aria-invalid=\"false\" placeholder=\"Email\" value=\"\" type=\"email\" name=\"your-email\" \/><\/span>\n<\/p>\n<p><span class=\"wpcf7-form-control-wrap\" data-name=\"messaggio\"><textarea cols=\"40\" rows=\"10\" maxlength=\"2000\" class=\"wpcf7-form-control wpcf7-textarea wpcf7-validates-as-required uk-textarea\" aria-required=\"true\" aria-invalid=\"false\" placeholder=\"Message\" name=\"messaggio\"><\/textarea><\/span>\n<\/p>\n<p><span class=\"wpcf7-form-control-wrap\" data-name=\"Accettazione-privacy\"><span class=\"wpcf7-form-control wpcf7-acceptance\"><span class=\"wpcf7-list-item\"><label><input type=\"checkbox\" name=\"Accettazione-privacy\" value=\"1\" class=\"uk-checkbox\" aria-invalid=\"false\" \/><span class=\"wpcf7-list-item-label\">Je consens au traitement de mes donn\u00e9es personnelles<\/span><\/label><\/span><\/span><\/span><br \/>\n<span class=\"wpcf7-form-control-wrap url\" data-name=\"url\"><input type=\"hidden\" name=\"url\" class=\"wpcf7-form-control wpcf7-hidden wpcf7dtx wpcf7dtx-hidden\" aria-invalid=\"false\" value=\"https:\/\/www.guideturistiche.vda.it\/fr\/wp-json\/wp\/v2\/pages\/4760\"><\/span>\n<\/p>\n<p><input class=\"wpcf7-form-control wpcf7-submit has-spinner uk-button uk-button-danger\" type=\"submit\" value=\"&gt;&gt; Envoyer\" \/>\n<\/p><div class=\"wpcf7-response-output\" aria-hidden=\"true\"><\/div>\n<\/form>\n<\/div>\n\n<\/div>\n<p><!-- {\"name\":\"Pagina interna visita (solo blocco testo) FR\",\"type\":\"layout\",\"children\":[{\"name\":\"Article\",\"type\":\"section\",\"props\":{\"style\":\"default\",\"width\":\"default\",\"image_size\":\"contain\",\"animation\":\"slide-left-small\",\"padding\":\"small\",\"padding_remove_top\":false,\"image\":\"\",\"image_position\":\"bottom-center\",\"media_overlay\":\"rgba(254, 254, 254, 0.84)\",\"class\":\"\",\"image_effect\":\"\",\"vertical_align\":\"middle\",\"title_position\":\"top-left\",\"title_rotation\":\"left\",\"title_breakpoint\":\"xl\",\"text_color\":\"\",\"width_expand\":\"\",\"height\":\"\",\"header_transparent\":\"\"},\"children\":[{\"name\":\"\",\"type\":\"row\",\"props\":{\"fixed_width\":\"large\",\"breakpoint\":\"m\",\"layout\":\"1-1\",\"gutter\":\"\",\"width\":\"\",\"width_expand\":\"\",\"height\":\"\",\"margin\":\"small\",\"class\":\"\",\"margin_remove_bottom\":false,\"margin_remove_top\":false},\"children\":[{\"name\":\"\",\"type\":\"column\",\"props\":{\"image_position\":\"center-center\",\"widths\":[\"1-1\"],\"media_overlay_gradient\":\"\",\"vertical_align\":\"\",\"style\":\"\",\"text_color\":\"\",\"padding\":\"\"},\"children\":[{\"name\":\"\",\"type\":\"headline\",\"props\":{\"title_element\":\"h1\",\"content\":\"Cogne\",\"title_style\":\"h1\",\"text_align\":\"center\",\"title_decoration\":\"\",\"animation\":\"slide-bottom-small\",\"margin\":\"medium\",\"title_color\":\"\",\"text_align_breakpoint\":\"\",\"text_align_fallback\":\"\",\"maxwidth\":\"\",\"maxwidth_breakpoint\":\"\",\"visibility\":\"\",\"block_align\":\"\",\"title_font_family\":\"\",\"position\":\"\",\"position_z_index\":\"\",\"block_align_breakpoint\":\"\",\"block_align_fallback\":\"\"}},{\"type\":\"text\",\"props\":{\"margin\":\"default\",\"column_breakpoint\":\"m\",\"text_style\":\"\",\"text_color\":\"\",\"text_size\":\"\",\"column\":\"\",\"text_align\":\"center\",\"text_align_breakpoint\":\"\",\"text_align_fallback\":\"\",\"maxwidth\":\"\",\"maxwidth_breakpoint\":\"\",\"animation\":\"\",\"visibility\":\"\",\"content\":\"[seopress_breadcrumbs]\",\"block_align\":\"\"}}]}]},{\"name\":\"\",\"type\":\"row\",\"props\":{\"fixed_width\":\"large\",\"breakpoint\":\"m\",\"layout\":\"2-3,\",\"gutter\":\"large\",\"margin\":\"medium\",\"width\":\"\",\"width_expand\":\"\",\"height\":\"\",\"margin_remove_top\":false},\"children\":[{\"name\":\"\",\"type\":\"column\",\"props\":{\"image_position\":\"center-center\",\"widths\":[\"2-3\"],\"media_overlay_gradient\":\"\",\"vertical_align\":\"\",\"style\":\"\",\"text_color\":\"\",\"padding\":\"\"},\"children\":[{\"name\":\"\",\"type\":\"image\",\"props\":{\"margin\":\"default\",\"image\":\"wp-content\\\/uploads\\\/Cogne.jpg\",\"animation\":\"slide-left-small\",\"image_svg_color\":\"emphasis\",\"link_target\":\"\",\"image_border\":\"\",\"image_box_shadow\":\"\",\"image_hover_box_shadow\":\"\",\"image_box_decoration\":\"primary\",\"text_align\":\"\",\"text_align_breakpoint\":\"\",\"text_align_fallback\":\"\",\"maxwidth\":\"\",\"maxwidth_breakpoint\":\"\",\"visibility\":\"\",\"image_box_decoration_inverse\":false,\"image_svg_inline\":false,\"block_align\":\"\",\"position\":\"\",\"position_z_index\":\"\",\"block_align_breakpoint\":\"\",\"block_align_fallback\":\"\"}}]},{\"name\":\"\",\"type\":\"column\",\"props\":{\"image_position\":\"center-center\",\"widths\":[\"\"],\"media_overlay_gradient\":\"\",\"vertical_align\":\"\",\"style\":\"\",\"text_color\":\"\",\"padding\":\"\"},\"children\":[{\"name\":\"\",\"type\":\"description_list\",\"props\":{\"list_style\":\"divider\",\"list_size\":true,\"layout\":\"stacked\",\"title_style\":\"h3\",\"animation\":\"slide-right-small\",\"show_link\":true,\"show_title\":true,\"show_meta\":true,\"show_content\":true,\"width\":\"auto\",\"gutter\":\"small\",\"meta_style\":\"meta\",\"meta_align\":\"below-content\",\"breakpoint\":\"\",\"title_color\":\"\",\"meta_color\":\"\",\"content_style\":\"\",\"link_style\":\"\",\"text_align\":\"\",\"text_align_breakpoint\":\"\",\"text_align_fallback\":\"\",\"maxwidth\":\"\",\"maxwidth_breakpoint\":\"\",\"margin\":\"\",\"visibility\":\"\",\"css\":\"polygon{\\n\\tfill:#ffc903;\\n}\\n\\nsvg{\\n    margin-top: 0.5em;\\n}\",\"block_align\":\"\",\"position\":\"\",\"position_z_index\":\"\",\"block_align_breakpoint\":\"\",\"block_align_fallback\":\"\",\"title_font_family\":\"\"},\"children\":[{\"name\":\"\",\"type\":\"description_list_item\",\"props\":{\"title\":\"Partiellement accessible aux personnes \\u00e0 mobilit\\u00e9 r\\u00e9duite\",\"content\":\"<span uk-icon=\\\"icon: warning; ratio:2\\\"><\\\/span>\"}},{\"name\":\"\",\"type\":\"description_list_item\",\"props\":{\"title\":\"Visites pour groupes\",\"content\":\"<span uk-icon=\\\"icon: users; ratio:2\\\"><\\\/span>\"}},{\"name\":\"\",\"type\":\"description_list_item\",\"props\":{\"title\":\"Visites pour individuels\",\"content\":\"<span uk-icon=\\\"icon: user; ratio:2\\\"><\\\/span>\"}},{\"name\":\"\",\"type\":\"description_list_item\",\"props\":{\"title\":\"Opinions des clients - 106 commentaires\",\"content\":\"<span uk-icon=\\\"icon: star; ratio:2\\\" style=\\\"color:#ffc903\\\"><\\\/span><span uk-icon=\\\"icon: star; ratio:2\\\" style=\\\"color:#ffc903\\\"><\\\/span><span uk-icon=\\\"icon: star; ratio:2\\\" style=\\\"color:#ffc903\\\"><\\\/span><span uk-icon=\\\"icon: star; ratio:2\\\" style=\\\"color:#ffc903\\\"><\\\/span><span uk-icon=\\\"icon: star; ratio:2\\\" style=\\\"color:#ffc903\\\"><\\\/span>\",\"meta\":\"\"}}]},{\"type\":\"html\",\"props\":{\"content\":\"<script type=\\\"application\\\/ld+json\\\">\\n{\\n  \\\"@context\\\": \\\"https:\\\/\\\/schema.org\\\/\\\",\\n  \\\"@type\\\": \\\"TouristAttraction\\\",\\n  \\\"name\\\": \\\"Cogne\\\",\\n  \\\"description\\\": \\\"Cogne est un joli village situ\\u00e9 dans le c\\u0153ur du Parc National du Grand Paradis, \\u00e0 1534 m\\u00e8tres d\\u2019altitude. Les paysages idylliques de la Valnontey, charmante vall\\u00e9e secondaire de la vall\\u00e9e de Cogne, rendent cet endroit une destination privil\\u00e9gi\\u00e9e de la part des excursionnistes en \\u00e9t\\u00e9 et des passionn\\u00e9s de ski de fond en hiver.\\\",\\n\\\"publicAccess\\\": true,\\n  \\\"touristType\\\": [\\n      \\\"Cultural tourism\\\"\\n],\\n\\\"aggregateRating\\\": {\\n    \\\"@type\\\": \\\"AggregateRating\\\",\\n    \\\"ratingValue\\\": \\\"100\\\",\\n    \\\"bestRating\\\": \\\"100\\\",\\n    \\\"ratingCount\\\": \\\"106\\\"\\n  }\\n}\\n<\\\/script>\"}}]}]}]},{\"type\":\"section\",\"props\":{\"style\":\"default\",\"width\":\"default\",\"vertical_align\":\"middle\",\"title_position\":\"top-left\",\"title_rotation\":\"left\",\"title_breakpoint\":\"xl\",\"image_position\":\"center-center\",\"text_color\":\"\",\"width_expand\":\"\",\"height\":\"\",\"padding\":\"\",\"header_transparent\":\"\",\"animation\":\"\"},\"children\":[{\"type\":\"row\",\"props\":{\"layout\":\"1-1\",\"breakpoint\":\"m\",\"fixed_width\":\"large\",\"gutter\":\"\",\"width\":\"\",\"width_expand\":\"\",\"height\":\"\",\"margin\":\"\"},\"children\":[{\"type\":\"column\",\"props\":{\"widths\":[\"1-1\"],\"image_position\":\"center-center\",\"media_overlay_gradient\":\"\",\"vertical_align\":\"\",\"style\":\"\",\"text_color\":\"\",\"padding\":\"\"},\"children\":[{\"name\":\"\",\"type\":\"text\",\"props\":{\"column_breakpoint\":\"m\",\"margin\":\"default\",\"content\":\"\n\n<p><strong>Cogne<\\\/strong>\\u00a0est un joli village situ\\u00e9 dans le c\\u0153ur du\\u00a0<strong>Parc National du Grand Paradis<\\\/strong>, \\u00e0 1534 m\\u00e8tres d\\u2019altitude. Les paysages idylliques de la\\u00a0<strong>Valnontey<\\\/strong>, charmante vall\\u00e9e secondaire de la vall\\u00e9e de Cogne, rendent cet endroit une destination privil\\u00e9gi\\u00e9e de la part des excursionnistes en \\u00e9t\\u00e9 et des passionn\\u00e9s de ski de fond en hiver. En Valnontey, \\u00e0 partir de juin on peut admirer dans le<strong>\\u00a0jardin botanique Paradisia\\u00a0<\\\/strong>des floraisons magnifiques, o\\u00f9 il est possible de voir le\\u00a0<em>Paradies Lilastrum<\\\/em>, merveilleux lis blanc.<\\\/p>\\n\n\n<p>Dans le hameau de Lillaz, il y a le d\\u00e9part d\\u2019un facile sentier qui permet d\\u2019arriver aux magnifiques\\u00a0<strong>cascades de Lillaz<\\\/strong>\\u00a0.<\\\/p>\\n\n\n<p>Le\\u00a0<strong>village de Cogne\\u00a0<\\\/strong>n\\u2019est pas seulement connu pour ses paysages stup\\u00e9fiants, mais aussi pour son pass\\u00e9 riche d\\u2019histoire, culture et traditions, qu\\u2019on peut revivre pendant la\\u00a0<strong>veill\\u00e0<\\\/strong>, f\\u00eate o\\u00f9 on \\u00e9voque la vie d\\u2019autrefois, qui a lieu en \\u00e9t\\u00e9 dans les ruelles du bourg. Pendant la veill\\u00e0, on peut admirer l\\u2019ex\\u00e9cution des dentelles \\u00e0 fuseaux et d\\u00e9guster des produits gastronomiques typiques, comme la cr\\u00e8me de Cogne, le \\u00ab\\u00a0meculin et fiocca\\u00a0\\u00bb (une esp\\u00e8ce de panettone avec de la chantilly).<\\\/p>\",\"text_style\":\"\",\"text_color\":\"\",\"text_size\":\"\",\"column\":\"\",\"text_align\":\"justify\",\"text_align_breakpoint\":\"\",\"text_align_fallback\":\"\",\"maxwidth\":\"\",\"maxwidth_breakpoint\":\"\",\"animation\":\"\",\"visibility\":\"\",\"block_align\":\"\",\"position\":\"\",\"position_z_index\":\"\",\"block_align_breakpoint\":\"\",\"block_align_fallback\":\"\"}}]}]},{\"type\":\"row\",\"props\":{\"layout\":\"1-1\",\"breakpoint\":\"m\",\"fixed_width\":\"large\",\"gutter\":\"\",\"width\":\"\",\"width_expand\":\"\",\"height\":\"\",\"margin\":\"\"},\"children\":[{\"type\":\"column\",\"props\":{\"widths\":[\"1-1\"],\"image_position\":\"center-center\",\"media_overlay_gradient\":\"\",\"vertical_align\":\"\",\"style\":\"\",\"text_color\":\"\",\"padding\":\"\"},\"children\":[{\"name\":\"\",\"type\":\"headline\",\"props\":{\"title_element\":\"h2\",\"content\":\"\n\n<h2 class=\\\"uk-heading-line\\\"><strong>R\\u00e9server une visite<\\\/strong><\\\/h2>\",\"title_decoration\":\"line\",\"title_style\":\"\",\"title_color\":\"\",\"text_align\":\"\",\"text_align_breakpoint\":\"\",\"text_align_fallback\":\"\",\"maxwidth\":\"\",\"maxwidth_breakpoint\":\"\",\"margin\":\"\",\"animation\":\"\",\"visibility\":\"\",\"block_align\":\"\",\"title_font_family\":\"\",\"position\":\"\",\"position_z_index\":\"\",\"block_align_breakpoint\":\"\",\"block_align_fallback\":\"\"}},{\"name\":\"\",\"type\":\"text\",\"props\":{\"column_breakpoint\":\"m\",\"margin\":\"default\",\"content\":\"\n\n<p>[contact-form-7 id=\\\"3558\\\" title=\\\"Contatto_fr\\\"]<\\\/p>\",\"text_style\":\"\",\"text_color\":\"\",\"text_size\":\"\",\"column\":\"\",\"text_align\":\"justify\",\"text_align_breakpoint\":\"\",\"text_align_fallback\":\"\",\"maxwidth\":\"\",\"maxwidth_breakpoint\":\"\",\"animation\":\"\",\"visibility\":\"\",\"block_align\":\"\",\"position\":\"\",\"position_z_index\":\"\",\"block_align_breakpoint\":\"\",\"block_align_fallback\":\"\"}}]}]}]}],\"version\":\"1.21.6\",\"props\":[]} --><\/p>\n","protected":false},"excerpt":{"rendered":"<p>Cogne Partiellement accessible aux personnes \u00e0 mobilit\u00e9 r\u00e9duite Visites pour groupes Visites pour individuels Opinions des clients &#8211; 106 commentaires Cogne\u00a0est un joli village situ\u00e9 dans le c\u0153ur du\u00a0Parc National du Grand Paradis, \u00e0 1534 m\u00e8tres d\u2019altitude. Les paysages idylliques de la\u00a0Valnontey, charmante vall\u00e9e secondaire de la vall\u00e9e de Cogne, rendent cet endroit une destination [&hellip;]<\/p>\n","protected":false},"author":1,"featured_media":4352,"parent":4443,"menu_order":0,"comment_status":"closed","ping_status":"closed","template":"","meta":{"_seopress_robots_primary_cat":"","_seopress_titles_title":"Visite Cogne dans le parc National du Grand Paradis en Vall\u00e9e d&#039;Aoste","_seopress_titles_desc":"Cogne est un joli village situ\u00e9 dans le c\u0153ur du Parc National du Grand Paradis, \u00e0 1534 m\u00e8tres d\u2019altitude. Visite guid\u00e9e du village de Cogne.\r\n","_seopress_robots_index":"","footnotes":""},"class_list":["post-4760","page","type-page","status-publish","has-post-thumbnail","hentry"],"_links":{"self":[{"href":"https:\/\/www.guideturistiche.vda.it\/fr\/wp-json\/wp\/v2\/pages\/4760","targetHints":{"allow":["GET"]}}],"collection":[{"href":"https:\/\/www.guideturistiche.vda.it\/fr\/wp-json\/wp\/v2\/pages"}],"about":[{"href":"https:\/\/www.guideturistiche.vda.it\/fr\/wp-json\/wp\/v2\/types\/page"}],"author":[{"embeddable":true,"href":"https:\/\/www.guideturistiche.vda.it\/fr\/wp-json\/wp\/v2\/users\/1"}],"replies":[{"embeddable":true,"href":"https:\/\/www.guideturistiche.vda.it\/fr\/wp-json\/wp\/v2\/comments?post=4760"}],"version-history":[{"count":10,"href":"https:\/\/www.guideturistiche.vda.it\/fr\/wp-json\/wp\/v2\/pages\/4760\/revisions"}],"predecessor-version":[{"id":5528,"href":"https:\/\/www.guideturistiche.vda.it\/fr\/wp-json\/wp\/v2\/pages\/4760\/revisions\/5528"}],"up":[{"embeddable":true,"href":"https:\/\/www.guideturistiche.vda.it\/fr\/wp-json\/wp\/v2\/pages\/4443"}],"wp:featuredmedia":[{"embeddable":true,"href":"https:\/\/www.guideturistiche.vda.it\/fr\/wp-json\/wp\/v2\/media\/4352"}],"wp:attachment":[{"href":"https:\/\/www.guideturistiche.vda.it\/fr\/wp-json\/wp\/v2\/media?parent=4760"}],"curies":[{"name":"wp","href":"https:\/\/api.w.org\/{rel}","templated":true}]}}