{"id":4754,"date":"2019-07-26T08:49:08","date_gmt":"2019-07-26T08:49:08","guid":{"rendered":"https:\/\/www.guideturistiche.vda.it\/territoire\/chamoix-perla-delle-alpi\/"},"modified":"2019-08-01T12:06:05","modified_gmt":"2019-08-01T12:06:05","slug":"chamoix-perle-des-alpes","status":"publish","type":"page","link":"https:\/\/www.guideturistiche.vda.it\/fr\/territoire\/chamoix-perle-des-alpes\/","title":{"rendered":"Chamoix, perle des Alpes"},"content":{"rendered":"<h1>Chamois, perle des Alpes<\/h1>\n<div><nav  aria-label=\"Fil d&#039;Ariane\"><ol class=\"breadcrumb\"><li class=\"breadcrumb-item active\" aria-current=\"page\"><span>Guide Turistiche Valle d'Aosta<\/span><\/li><\/ol><\/nav><\/div>\n<p><img decoding=\"async\" src=\"wp-content\/uploads\/Chamois.jpg\" alt=\"\"><\/p>\n<ul>\n<li>\n<h3>Partiellement accessible aux personnes \u00e0 mobilit\u00e9 r\u00e9duite<\/h3>\n<div><span uk-icon=\"icon: warning; ratio:2\"><\/span>\n<\/div>\n<\/li>\n<li>\n<h3>Visites pour groupes<\/h3>\n<div><span uk-icon=\"icon: users; ratio:2\"><\/span><\/div>\n<\/li>\n<li>\n<h3>Visites pour individuels<\/h3>\n<div><span uk-icon=\"icon: user; ratio:2\"><\/span><\/div>\n<\/li>\n<li>\n<h3>Opinions des clients &#8211; 23 commentaires<\/h3>\n<div><span uk-icon=\"icon: star; ratio:2\" style=\"color:#ffc903\"><\/span><span uk-icon=\"icon: star; ratio:2\" style=\"color:#ffc903\"><\/span><span uk-icon=\"icon: star; ratio:2\" style=\"color:#ffc903\"><\/span><span uk-icon=\"icon: star; ratio:2\" style=\"color:#ffc903\"><\/span><span uk-icon=\"icon: star; ratio:2\" style=\"color:#ffc903\"><\/span><\/div>\n<\/li>\n<\/ul>\n<div>\n<p>    <script type=\"application\/ld+json\">\n{\n  \"@context\": \"https:\/\/schema.org\/\",\n  \"@type\": \"TouristAttraction\",\n  \"name\": \"Chamois, perle des Alpes\",\n  \"description\": \"Dans la vall\u00e9e du Cervin se trouve Chamois, la plus haute commune de la Vall\u00e9e d\u2019Aoste. Dans ce village ravissant ne circulent pas les voitures: pour y arriver il faut prendre le t\u00e9l\u00e9ph\u00e9rique \u00e0 Buisson, o\u00f9 marcher le long du sentier qui part de La Magdeleine. Les passionn\u00e9s d\u2019aviation peuvent arriver \u00e0 Chamois \u00e0 l\u2019aide du petit altiport.\",\n\"publicAccess\": true,\n  \"touristType\": [\n      \"Cultural tourism\"\n],\n\"aggregateRating\": {\n    \"@type\": \"AggregateRating\",\n    \"ratingValue\": \"100\",\n    \"bestRating\": \"100\",\n    \"ratingCount\": \"23\"\n  }\n}\n<\/script>\n<\/div>\n<div>\n<p>Dans la\u00a0<strong>vall\u00e9e du Cervin<\/strong>\u00a0se trouve\u00a0<strong>Chamois<\/strong>, la plus haute commune de la\u00a0<strong>Vall\u00e9e d\u2019Aoste<\/strong>.<\/p>\n<p>Dans ce village ravissant ne circulent pas les voitures: pour y arriver il faut prendre le t\u00e9l\u00e9ph\u00e9rique \u00e0 Buisson, o\u00f9 marcher le long du sentier qui part de La Magdeleine. Les passionn\u00e9s d\u2019aviation peuvent arriver \u00e0 Chamois \u00e0 l\u2019aide du petit altiport.<\/p>\n<p>\u00c0 l\u2019int\u00e9rieur de ce petit village on peut plonger dans une atmosph\u00e8re d\u2019autrefois: ses maisons typiques en bois et en pierre et ses ruelles \u00e9troites rendent cet endroit magique.<\/p>\n<p>Au-dessus du village, \u00e0 2000 m\u00e8tres il y a le\u00a0<strong>lac de Lod<\/strong>, un caract\u00e9ristique lac alpin entour\u00e9 de pr\u00e9s que l\u2019on peut atteindre par un simple sentier ou \u00e0 travers le t\u00e9l\u00e9si\u00e8ge.<\/p>\n<p>\u00c0 partir de l\u2019ann\u00e9e 2006 Chamois fait partie de l\u2019association \u201cPerles des Alpes\u201d, dont le but est de promouvoir et de d\u00e9velopper des vacances \u00e9cocompatibles, pour jouir de la beaut\u00e9 de la nature tout en respectant l\u2019environnement.<\/p>\n<\/div>\n<h2>\n<h2 class=\"uk-heading-line\"><strong>R\u00e9server une visite<\/strong><\/h2>\n<\/h2>\n<div>\n\n<div class=\"wpcf7 no-js\" id=\"wpcf7-f3558-o1\" lang=\"it-IT\" dir=\"ltr\" data-wpcf7-id=\"3558\">\n<div class=\"screen-reader-response\"><p role=\"status\" aria-live=\"polite\" aria-atomic=\"true\"><\/p> <ul><\/ul><\/div>\n<form action=\"\/fr\/wp-json\/wp\/v2\/pages\/4754#wpcf7-f3558-o1\" method=\"post\" class=\"wpcf7-form init\" aria-label=\"Modulo di contatto\" novalidate=\"novalidate\" data-status=\"init\">\n<fieldset class=\"hidden-fields-container\"><input type=\"hidden\" name=\"_wpcf7\" value=\"3558\" \/><input type=\"hidden\" name=\"_wpcf7_version\" value=\"6.1.5\" \/><input type=\"hidden\" name=\"_wpcf7_locale\" value=\"it_IT\" \/><input type=\"hidden\" name=\"_wpcf7_unit_tag\" value=\"wpcf7-f3558-o1\" \/><input type=\"hidden\" name=\"_wpcf7_container_post\" value=\"0\" \/><input type=\"hidden\" name=\"_wpcf7_posted_data_hash\" value=\"\" \/><input type=\"hidden\" name=\"_wpcf7dtx_version\" value=\"5.0.5\" \/>\n<\/fieldset>\n<p><span class=\"wpcf7-form-control-wrap\" data-name=\"your-name\"><input size=\"40\" maxlength=\"400\" class=\"wpcf7-form-control wpcf7-text wpcf7-validates-as-required uk-input\" aria-required=\"true\" aria-invalid=\"false\" placeholder=\"Nom et Pr\u00e8nom\" value=\"\" type=\"text\" name=\"your-name\" \/><\/span>\n<\/p>\n<p><span class=\"wpcf7-form-control-wrap\" data-name=\"your-phone\"><input size=\"40\" maxlength=\"400\" class=\"wpcf7-form-control wpcf7-text wpcf7-validates-as-required uk-input\" aria-required=\"true\" aria-invalid=\"false\" placeholder=\"T\u00e9l\u00e9phone\" value=\"\" type=\"text\" name=\"your-phone\" \/><\/span>\n<\/p>\n<p><span class=\"wpcf7-form-control-wrap\" data-name=\"your-email\"><input size=\"40\" maxlength=\"400\" class=\"wpcf7-form-control wpcf7-email wpcf7-validates-as-required wpcf7-text wpcf7-validates-as-email uk-input\" aria-required=\"true\" aria-invalid=\"false\" placeholder=\"Email\" value=\"\" type=\"email\" name=\"your-email\" \/><\/span>\n<\/p>\n<p><span class=\"wpcf7-form-control-wrap\" data-name=\"messaggio\"><textarea cols=\"40\" rows=\"10\" maxlength=\"2000\" class=\"wpcf7-form-control wpcf7-textarea wpcf7-validates-as-required uk-textarea\" aria-required=\"true\" aria-invalid=\"false\" placeholder=\"Message\" name=\"messaggio\"><\/textarea><\/span>\n<\/p>\n<p><span class=\"wpcf7-form-control-wrap\" data-name=\"Accettazione-privacy\"><span class=\"wpcf7-form-control wpcf7-acceptance\"><span class=\"wpcf7-list-item\"><label><input type=\"checkbox\" name=\"Accettazione-privacy\" value=\"1\" class=\"uk-checkbox\" aria-invalid=\"false\" \/><span class=\"wpcf7-list-item-label\">Je consens au traitement de mes donn\u00e9es personnelles<\/span><\/label><\/span><\/span><\/span><br \/>\n<span class=\"wpcf7-form-control-wrap url\" data-name=\"url\"><input type=\"hidden\" name=\"url\" class=\"wpcf7-form-control wpcf7-hidden wpcf7dtx wpcf7dtx-hidden\" aria-invalid=\"false\" value=\"https:\/\/www.guideturistiche.vda.it\/fr\/wp-json\/wp\/v2\/pages\/4754\"><\/span>\n<\/p>\n<p><input class=\"wpcf7-form-control wpcf7-submit has-spinner uk-button uk-button-danger\" type=\"submit\" value=\"&gt;&gt; Envoyer\" \/>\n<\/p><div class=\"wpcf7-response-output\" aria-hidden=\"true\"><\/div>\n<\/form>\n<\/div>\n\n<\/div>\n<p><!-- {\"name\":\"Pagina interna visita (solo blocco testo) FR\",\"type\":\"layout\",\"children\":[{\"name\":\"Article\",\"type\":\"section\",\"props\":{\"style\":\"default\",\"width\":\"default\",\"image_size\":\"contain\",\"animation\":\"slide-left-small\",\"padding\":\"small\",\"padding_remove_top\":false,\"image\":\"\",\"image_position\":\"bottom-center\",\"media_overlay\":\"rgba(254, 254, 254, 0.84)\",\"class\":\"\",\"image_effect\":\"\",\"vertical_align\":\"middle\",\"title_position\":\"top-left\",\"title_rotation\":\"left\",\"title_breakpoint\":\"xl\",\"text_color\":\"\",\"width_expand\":\"\",\"height\":\"\",\"header_transparent\":\"\"},\"children\":[{\"name\":\"\",\"type\":\"row\",\"props\":{\"fixed_width\":\"large\",\"breakpoint\":\"m\",\"layout\":\"1-1\",\"gutter\":\"\",\"width\":\"\",\"width_expand\":\"\",\"height\":\"\",\"margin\":\"small\",\"class\":\"\",\"margin_remove_bottom\":false,\"margin_remove_top\":false},\"children\":[{\"name\":\"\",\"type\":\"column\",\"props\":{\"image_position\":\"center-center\",\"widths\":[\"1-1\"],\"media_overlay_gradient\":\"\",\"vertical_align\":\"\",\"style\":\"\",\"text_color\":\"\",\"padding\":\"\"},\"children\":[{\"name\":\"\",\"type\":\"headline\",\"props\":{\"title_element\":\"h1\",\"content\":\"Chamois, perle des Alpes\",\"title_style\":\"h1\",\"text_align\":\"center\",\"title_decoration\":\"\",\"animation\":\"slide-bottom-small\",\"margin\":\"medium\",\"title_color\":\"\",\"text_align_breakpoint\":\"\",\"text_align_fallback\":\"\",\"maxwidth\":\"\",\"maxwidth_breakpoint\":\"\",\"visibility\":\"\",\"block_align\":\"\",\"title_font_family\":\"\",\"position\":\"\",\"position_z_index\":\"\",\"block_align_breakpoint\":\"\",\"block_align_fallback\":\"\"}},{\"type\":\"text\",\"props\":{\"margin\":\"default\",\"column_breakpoint\":\"m\",\"text_style\":\"\",\"text_color\":\"\",\"text_size\":\"\",\"column\":\"\",\"text_align\":\"center\",\"text_align_breakpoint\":\"\",\"text_align_fallback\":\"\",\"maxwidth\":\"\",\"maxwidth_breakpoint\":\"\",\"animation\":\"\",\"visibility\":\"\",\"content\":\"[seopress_breadcrumbs]\",\"block_align\":\"\"}}]}]},{\"name\":\"\",\"type\":\"row\",\"props\":{\"fixed_width\":\"large\",\"breakpoint\":\"m\",\"layout\":\"2-3,\",\"gutter\":\"large\",\"margin\":\"medium\",\"width\":\"\",\"width_expand\":\"\",\"height\":\"\",\"margin_remove_top\":false},\"children\":[{\"name\":\"\",\"type\":\"column\",\"props\":{\"image_position\":\"center-center\",\"widths\":[\"2-3\"],\"media_overlay_gradient\":\"\",\"vertical_align\":\"\",\"style\":\"\",\"text_color\":\"\",\"padding\":\"\"},\"children\":[{\"name\":\"\",\"type\":\"image\",\"props\":{\"margin\":\"default\",\"image\":\"wp-content\\\/uploads\\\/Chamois.jpg\",\"animation\":\"slide-left-small\",\"image_svg_color\":\"emphasis\",\"link_target\":\"\",\"image_border\":\"\",\"image_box_shadow\":\"\",\"image_hover_box_shadow\":\"\",\"image_box_decoration\":\"primary\",\"text_align\":\"\",\"text_align_breakpoint\":\"\",\"text_align_fallback\":\"\",\"maxwidth\":\"\",\"maxwidth_breakpoint\":\"\",\"visibility\":\"\",\"image_box_decoration_inverse\":false,\"image_svg_inline\":false,\"block_align\":\"\",\"position\":\"\",\"position_z_index\":\"\",\"block_align_breakpoint\":\"\",\"block_align_fallback\":\"\"}}]},{\"name\":\"\",\"type\":\"column\",\"props\":{\"image_position\":\"center-center\",\"widths\":[\"\"],\"media_overlay_gradient\":\"\",\"vertical_align\":\"\",\"style\":\"\",\"text_color\":\"\",\"padding\":\"\"},\"children\":[{\"name\":\"\",\"type\":\"description_list\",\"props\":{\"list_style\":\"divider\",\"list_size\":true,\"layout\":\"stacked\",\"title_style\":\"h3\",\"animation\":\"slide-right-small\",\"show_link\":true,\"show_title\":true,\"show_meta\":true,\"show_content\":true,\"width\":\"auto\",\"gutter\":\"small\",\"meta_style\":\"meta\",\"meta_align\":\"below-content\",\"breakpoint\":\"\",\"title_color\":\"\",\"meta_color\":\"\",\"content_style\":\"\",\"link_style\":\"\",\"text_align\":\"\",\"text_align_breakpoint\":\"\",\"text_align_fallback\":\"\",\"maxwidth\":\"\",\"maxwidth_breakpoint\":\"\",\"margin\":\"\",\"visibility\":\"\",\"css\":\"polygon{\\n\\tfill:#ffc903;\\n}\\n\\nsvg{\\n    margin-top: 0.5em;\\n}\",\"block_align\":\"\",\"position\":\"\",\"position_z_index\":\"\",\"block_align_breakpoint\":\"\",\"block_align_fallback\":\"\",\"title_font_family\":\"\"},\"children\":[{\"name\":\"\",\"type\":\"description_list_item\",\"props\":{\"title\":\"Partiellement accessible aux personnes \\u00e0 mobilit\\u00e9 r\\u00e9duite\",\"content\":\"<span uk-icon=\\\"icon: warning; ratio:2\\\"><\\\/span>\\n\"}},{\"name\":\"\",\"type\":\"description_list_item\",\"props\":{\"title\":\"Visites pour groupes\",\"content\":\"<span uk-icon=\\\"icon: users; ratio:2\\\"><\\\/span>\"}},{\"name\":\"\",\"type\":\"description_list_item\",\"props\":{\"title\":\"Visites pour individuels\",\"content\":\"<span uk-icon=\\\"icon: user; ratio:2\\\"><\\\/span>\"}},{\"name\":\"\",\"type\":\"description_list_item\",\"props\":{\"title\":\"Opinions des clients - 23 commentaires\",\"content\":\"<span uk-icon=\\\"icon: star; ratio:2\\\" style=\\\"color:#ffc903\\\"><\\\/span><span uk-icon=\\\"icon: star; ratio:2\\\" style=\\\"color:#ffc903\\\"><\\\/span><span uk-icon=\\\"icon: star; ratio:2\\\" style=\\\"color:#ffc903\\\"><\\\/span><span uk-icon=\\\"icon: star; ratio:2\\\" style=\\\"color:#ffc903\\\"><\\\/span><span uk-icon=\\\"icon: star; ratio:2\\\" style=\\\"color:#ffc903\\\"><\\\/span>\",\"meta\":\"\"}}]},{\"type\":\"html\",\"props\":{\"content\":\"<script type=\\\"application\\\/ld+json\\\">\\n{\\n  \\\"@context\\\": \\\"https:\\\/\\\/schema.org\\\/\\\",\\n  \\\"@type\\\": \\\"TouristAttraction\\\",\\n  \\\"name\\\": \\\"Chamois, perle des Alpes\\\",\\n  \\\"description\\\": \\\"Dans la vall\\u00e9e du Cervin se trouve Chamois, la plus haute commune de la Vall\\u00e9e d\\u2019Aoste. Dans ce village ravissant ne circulent pas les voitures: pour y arriver il faut prendre le t\\u00e9l\\u00e9ph\\u00e9rique \\u00e0 Buisson, o\\u00f9 marcher le long du sentier qui part de La Magdeleine. Les passionn\\u00e9s d\\u2019aviation peuvent arriver \\u00e0 Chamois \\u00e0 l\\u2019aide du petit altiport.\\\",\\n\\\"publicAccess\\\": true,\\n  \\\"touristType\\\": [\\n      \\\"Cultural tourism\\\"\\n],\\n\\\"aggregateRating\\\": {\\n    \\\"@type\\\": \\\"AggregateRating\\\",\\n    \\\"ratingValue\\\": \\\"100\\\",\\n    \\\"bestRating\\\": \\\"100\\\",\\n    \\\"ratingCount\\\": \\\"23\\\"\\n  }\\n}\\n<\\\/script>\"}}]}]}]},{\"type\":\"section\",\"props\":{\"style\":\"default\",\"width\":\"default\",\"vertical_align\":\"middle\",\"title_position\":\"top-left\",\"title_rotation\":\"left\",\"title_breakpoint\":\"xl\",\"image_position\":\"center-center\",\"text_color\":\"\",\"width_expand\":\"\",\"height\":\"\",\"padding\":\"\",\"header_transparent\":\"\",\"animation\":\"\"},\"children\":[{\"type\":\"row\",\"props\":{\"layout\":\"1-1\",\"breakpoint\":\"m\",\"fixed_width\":\"large\",\"gutter\":\"\",\"width\":\"\",\"width_expand\":\"\",\"height\":\"\",\"margin\":\"\"},\"children\":[{\"type\":\"column\",\"props\":{\"widths\":[\"1-1\"],\"image_position\":\"center-center\",\"media_overlay_gradient\":\"\",\"vertical_align\":\"\",\"style\":\"\",\"text_color\":\"\",\"padding\":\"\"},\"children\":[{\"name\":\"\",\"type\":\"text\",\"props\":{\"column_breakpoint\":\"m\",\"margin\":\"default\",\"content\":\"\n\n<p>Dans la\\u00a0<strong>vall\\u00e9e du Cervin<\\\/strong>\\u00a0se trouve\\u00a0<strong>Chamois<\\\/strong>, la plus haute commune de la\\u00a0<strong>Vall\\u00e9e d\\u2019Aoste<\\\/strong>.<\\\/p>\\n\n\n<p>Dans ce village ravissant ne circulent pas les voitures: pour y arriver il faut prendre le t\\u00e9l\\u00e9ph\\u00e9rique \\u00e0 Buisson, o\\u00f9 marcher le long du sentier qui part de La Magdeleine. Les passionn\\u00e9s d\\u2019aviation peuvent arriver \\u00e0 Chamois \\u00e0 l\\u2019aide du petit altiport.<\\\/p>\\n\n\n<p>\\u00c0 l\\u2019int\\u00e9rieur de ce petit village on peut plonger dans une atmosph\\u00e8re d\\u2019autrefois: ses maisons typiques en bois et en pierre et ses ruelles \\u00e9troites rendent cet endroit magique.<\\\/p>\\n\n\n<p>Au-dessus du village, \\u00e0 2000 m\\u00e8tres il y a le\\u00a0<strong>lac de Lod<\\\/strong>, un caract\\u00e9ristique lac alpin entour\\u00e9 de pr\\u00e9s que l\\u2019on peut atteindre par un simple sentier ou \\u00e0 travers le t\\u00e9l\\u00e9si\\u00e8ge.<\\\/p>\\n\n\n<p>\\u00c0 partir de l\\u2019ann\\u00e9e 2006 Chamois fait partie de l\\u2019association \\u201cPerles des Alpes\\u201d, dont le but est de promouvoir et de d\\u00e9velopper des vacances \\u00e9cocompatibles, pour jouir de la beaut\\u00e9 de la nature tout en respectant l\\u2019environnement.<\\\/p>\",\"text_style\":\"\",\"text_color\":\"\",\"text_size\":\"\",\"column\":\"\",\"text_align\":\"justify\",\"text_align_breakpoint\":\"\",\"text_align_fallback\":\"\",\"maxwidth\":\"\",\"maxwidth_breakpoint\":\"\",\"animation\":\"\",\"visibility\":\"\",\"block_align\":\"\",\"position\":\"\",\"position_z_index\":\"\",\"block_align_breakpoint\":\"\",\"block_align_fallback\":\"\"}}]}]},{\"type\":\"row\",\"props\":{\"layout\":\"1-1\",\"breakpoint\":\"m\",\"fixed_width\":\"large\",\"gutter\":\"\",\"width\":\"\",\"width_expand\":\"\",\"height\":\"\",\"margin\":\"\"},\"children\":[{\"type\":\"column\",\"props\":{\"widths\":[\"1-1\"],\"image_position\":\"center-center\",\"media_overlay_gradient\":\"\",\"vertical_align\":\"\",\"style\":\"\",\"text_color\":\"\",\"padding\":\"\"},\"children\":[{\"name\":\"\",\"type\":\"headline\",\"props\":{\"title_element\":\"h2\",\"content\":\"\n\n<h2 class=\\\"uk-heading-line\\\"><strong>R\\u00e9server une visite<\\\/strong><\\\/h2>\",\"title_decoration\":\"line\",\"title_style\":\"\",\"title_color\":\"\",\"text_align\":\"\",\"text_align_breakpoint\":\"\",\"text_align_fallback\":\"\",\"maxwidth\":\"\",\"maxwidth_breakpoint\":\"\",\"margin\":\"\",\"animation\":\"\",\"visibility\":\"\",\"block_align\":\"\",\"title_font_family\":\"\",\"position\":\"\",\"position_z_index\":\"\",\"block_align_breakpoint\":\"\",\"block_align_fallback\":\"\"}},{\"name\":\"\",\"type\":\"text\",\"props\":{\"column_breakpoint\":\"m\",\"margin\":\"default\",\"content\":\"\n\n<p>[contact-form-7 id=\\\"3558\\\" title=\\\"Contatto_fr\\\"]<\\\/p>\",\"text_style\":\"\",\"text_color\":\"\",\"text_size\":\"\",\"column\":\"\",\"text_align\":\"justify\",\"text_align_breakpoint\":\"\",\"text_align_fallback\":\"\",\"maxwidth\":\"\",\"maxwidth_breakpoint\":\"\",\"animation\":\"\",\"visibility\":\"\",\"block_align\":\"\",\"position\":\"\",\"position_z_index\":\"\",\"block_align_breakpoint\":\"\",\"block_align_fallback\":\"\"}}]}]}]}],\"version\":\"1.21.6\",\"props\":[]} --><\/p>\n","protected":false},"excerpt":{"rendered":"<p>Chamois, perle des Alpes Partiellement accessible aux personnes \u00e0 mobilit\u00e9 r\u00e9duite Visites pour groupes Visites pour individuels Opinions des clients &#8211; 23 commentaires Dans la\u00a0vall\u00e9e du Cervin\u00a0se trouve\u00a0Chamois, la plus haute commune de la\u00a0Vall\u00e9e d\u2019Aoste. Dans ce village ravissant ne circulent pas les voitures: pour y arriver il faut prendre le t\u00e9l\u00e9ph\u00e9rique \u00e0 Buisson, o\u00f9 [&hellip;]<\/p>\n","protected":false},"author":1,"featured_media":4354,"parent":4443,"menu_order":0,"comment_status":"closed","ping_status":"closed","template":"","meta":{"_seopress_robots_primary_cat":"","_seopress_titles_title":"Itin\u00e9raire guid\u00e9 \u00e0 Chamois, la perle des Alpes en Valtournenche","_seopress_titles_desc":"Dans la vall\u00e9e du Cervin se trouve Chamois, la plus haute commune de la Vall\u00e9e d\u2019Aoste. Visite guid\u00e9e du village de Chamois et de la Valtournenche.","_seopress_robots_index":"","footnotes":""},"class_list":["post-4754","page","type-page","status-publish","has-post-thumbnail","hentry"],"_links":{"self":[{"href":"https:\/\/www.guideturistiche.vda.it\/fr\/wp-json\/wp\/v2\/pages\/4754","targetHints":{"allow":["GET"]}}],"collection":[{"href":"https:\/\/www.guideturistiche.vda.it\/fr\/wp-json\/wp\/v2\/pages"}],"about":[{"href":"https:\/\/www.guideturistiche.vda.it\/fr\/wp-json\/wp\/v2\/types\/page"}],"author":[{"embeddable":true,"href":"https:\/\/www.guideturistiche.vda.it\/fr\/wp-json\/wp\/v2\/users\/1"}],"replies":[{"embeddable":true,"href":"https:\/\/www.guideturistiche.vda.it\/fr\/wp-json\/wp\/v2\/comments?post=4754"}],"version-history":[{"count":8,"href":"https:\/\/www.guideturistiche.vda.it\/fr\/wp-json\/wp\/v2\/pages\/4754\/revisions"}],"predecessor-version":[{"id":5523,"href":"https:\/\/www.guideturistiche.vda.it\/fr\/wp-json\/wp\/v2\/pages\/4754\/revisions\/5523"}],"up":[{"embeddable":true,"href":"https:\/\/www.guideturistiche.vda.it\/fr\/wp-json\/wp\/v2\/pages\/4443"}],"wp:featuredmedia":[{"embeddable":true,"href":"https:\/\/www.guideturistiche.vda.it\/fr\/wp-json\/wp\/v2\/media\/4354"}],"wp:attachment":[{"href":"https:\/\/www.guideturistiche.vda.it\/fr\/wp-json\/wp\/v2\/media?parent=4754"}],"curies":[{"name":"wp","href":"https:\/\/api.w.org\/{rel}","templated":true}]}}