{"id":4738,"date":"2019-07-25T13:39:29","date_gmt":"2019-07-25T13:39:29","guid":{"rendered":"https:\/\/www.guideturistiche.vda.it\/territoire\/skyway-funivia-monte-bianco\/"},"modified":"2019-08-01T12:03:14","modified_gmt":"2019-08-01T12:03:14","slug":"skyway-telepherique-mont-blanc","status":"publish","type":"page","link":"https:\/\/www.guideturistiche.vda.it\/fr\/territoire\/skyway-telepherique-mont-blanc\/","title":{"rendered":"Skyway: t\u00e9l\u00e9pherique Mont-Blanc"},"content":{"rendered":"<h1>Skyway: t\u00e9l\u00e9pherique Mont-Blanc<\/h1>\n<div><nav  aria-label=\"Fil d&#039;Ariane\"><ol class=\"breadcrumb\"><li class=\"breadcrumb-item active\" aria-current=\"page\"><span>Guide Turistiche Valle d'Aosta<\/span><\/li><\/ol><\/nav><\/div>\n<p><img decoding=\"async\" src=\"wp-content\/uploads\/funiviaMonteBianco-1.jpg\" alt=\"\"><\/p>\n<ul>\n<li>\n<h3>Monument payant<\/h3>\n<div><span uk-icon=\"icon: credit-card; ratio:2\"><\/span><\/div>\n<\/li>\n<li>\n<h3>Partiellement accessible aux personnes \u00e0 mobilit\u00e9 r\u00e9duite<\/h3>\n<div><span uk-icon=\"icon: warning; ratio:2\"><\/span>\n<\/div>\n<\/li>\n<li>\n<h3>Visites pour groupes<\/h3>\n<div><span uk-icon=\"icon: users; ratio:2\"><\/span>\n<\/div>\n<\/li>\n<li>\n<h3>Visites pour individuels <\/h3>\n<div><span uk-icon=\"icon: user; ratio:2\"><\/span><\/div>\n<\/li>\n<li>\n<h3>Opinions des clients &#8211; 153 commentaires<\/h3>\n<div><span uk-icon=\"icon: star; ratio:2\" style=\"color:#ffc903\"><\/span><span uk-icon=\"icon: star; ratio:2\" style=\"color:#ffc903\"><\/span><span uk-icon=\"icon: star; ratio:2\" style=\"color:#ffc903\"><\/span><span uk-icon=\"icon: star; ratio:2\" style=\"color:#ffc903\"><\/span><span uk-icon=\"icon: star; ratio:2\" style=\"color:#ffc903\"><\/span><\/div>\n<\/li>\n<\/ul>\n<div>\n<p>    <script type=\"application\/ld+json\">\n{\n  \"@context\": \"https:\/\/schema.org\/\",\n  \"@type\": \"TouristAttraction\",\n  \"name\": \"Skyway: t\u00e9l\u00e9pherique Mont-Blanc\",\n  \"description\": \"Vivez avec nous l\u2019exp\u00e9rience Skyway Mont-Blanc ! Avec les nouvelles t\u00e9l\u00e9ph\u00e9riques, la mont\u00e9e de Courmayeur (Pontal d\u2019Entr\u00e8ves, 1.300 m) \u00e0 Punta Helbronner (3.466 m) est une \u00e9motion unique!\",\n\"publicAccess\": true,\n  \"touristType\": [\n      \"Cultural tourism\"\n],\n\"aggregateRating\": {\n    \"@type\": \"AggregateRating\",\n    \"ratingValue\": \"100\",\n    \"bestRating\": \"100\",\n    \"ratingCount\": \"153\"\n  }\n}\n<\/script>\n<\/div>\n<div>\n<p><strong>Vivez avec nous l\u2019exp\u00e9rience Skyway Mont-Blanc\u00a0!\u00a0<\/strong>Avec les nouvelles t\u00e9l\u00e9ph\u00e9riques, la mont\u00e9e de\u00a0<strong>Courmayeur<\/strong>\u00a0(Pontal d\u2019Entr\u00e8ves, 1.300 m) \u00e0\u00a0<strong>Punta Helbronner<\/strong>\u00a0(3.466 m) est une \u00e9motion unique!<\/p>\n<p>La mont\u00e9e a lieu \u00e0 l\u2019int\u00e9rieur de cabines qui pivotent \u00e0 360 degr\u00e9s pendant tout le parcours, pour permettre aux visiteurs d\u2019admirer le paysage environnant.<\/p>\n<p>Deux tron\u00e7ons de t\u00e9l\u00e9ph\u00e9rique relient les trois gares de Pontal d\u2019Entr\u00e8ves, Pavillon du Mont Fr\u00e9ty et Punta Helbronner, espaces b\u00e2tis en verre et en acier qui s\u2019harmonisent avec le territoire.<\/p>\n<p>De la gare de d\u00e9part de Portal d\u2019Entr\u00e8ves, on arrive \u00e0 la gare interm\u00e9diaire du Pavillon du Mont Fr\u00e8ty, d\u2019o\u00f9 on peut jouir d\u2019un panorama magnifique du\u00a0<strong>Val Ferret<\/strong>\u00a0et du\u00a0<strong>Val Veny<\/strong>. A l\u2019ext\u00e9rieur, on peut visiter l\u2019un des jardins botaniques les plus hauts d\u2019Europe, parcourir les divers itin\u00e9raires de rapprochement \u00e0 la nature et se d\u00e9tendre au solarium. A l\u2019int\u00e9rieur deux restaurants, un bar, une salle de congr\u00e8s, un petit centre commercial et une cave de vinification accueillent les visiteurs. En continuant avec le deuxi\u00e8me tron\u00e7on on atteint la gare de Punta Helbronner, qui tout en reproduisant la forme d\u2019un cristal, se d\u00e9veloppe en grande partie \u00e0 la verticale avec des terrasses en porte-\u00e0-faux. La terrasse panoramique en rotonde offre des vues extraordinaires sur le\u00a0<strong>Mont Blanc<\/strong>, le\u00a0<strong>Mont Rose<\/strong>, le\u00a0<strong>Cervin<\/strong>, le\u00a0<strong>Grand Paradis<\/strong>\u00a0et le\u00a0<strong>Grand Combin<\/strong>. Dans la partie interne il y a l\u2019exposition de cristaux, un restaurant et un point d\u2019information multim\u00e9dia. De la gare de Punta Helbronner, gr\u00e2ce \u00e0 des ascenseurs reli\u00e9s \u00e0 un tunnel pi\u00e9ton on arrive au Refuge Turin.<\/p>\n<p>Pendant l\u2019\u00e9t\u00e9, on peut aller plus loin avec le t\u00e9l\u00e9ph\u00e9rique \u00ab\u00a0Panoramic Mont-Blanc\u00a0\u00bb, qui survole le glacier du g\u00e9ant et arrive \u00e0 la gare fran\u00e7aise de l\u2019Aiguille du Midi (3777 m\u00e8tres), d\u2019o\u00f9 on peut atteindre Chamonix.<\/p>\n<\/div>\n<h2>\n<h2 class=\"uk-heading-line\"><strong>R\u00e9server une visite<\/strong><\/h2>\n<\/h2>\n<div>\n\n<div class=\"wpcf7 no-js\" id=\"wpcf7-f3558-o1\" lang=\"it-IT\" dir=\"ltr\" data-wpcf7-id=\"3558\">\n<div class=\"screen-reader-response\"><p role=\"status\" aria-live=\"polite\" aria-atomic=\"true\"><\/p> <ul><\/ul><\/div>\n<form action=\"\/fr\/wp-json\/wp\/v2\/pages\/4738#wpcf7-f3558-o1\" method=\"post\" class=\"wpcf7-form init\" aria-label=\"Modulo di contatto\" novalidate=\"novalidate\" data-status=\"init\">\n<fieldset class=\"hidden-fields-container\"><input type=\"hidden\" name=\"_wpcf7\" value=\"3558\" \/><input type=\"hidden\" name=\"_wpcf7_version\" value=\"6.1.5\" \/><input type=\"hidden\" name=\"_wpcf7_locale\" value=\"it_IT\" \/><input type=\"hidden\" name=\"_wpcf7_unit_tag\" value=\"wpcf7-f3558-o1\" \/><input type=\"hidden\" name=\"_wpcf7_container_post\" value=\"0\" \/><input type=\"hidden\" name=\"_wpcf7_posted_data_hash\" value=\"\" \/><input type=\"hidden\" name=\"_wpcf7dtx_version\" value=\"5.0.5\" \/>\n<\/fieldset>\n<p><span class=\"wpcf7-form-control-wrap\" data-name=\"your-name\"><input size=\"40\" maxlength=\"400\" class=\"wpcf7-form-control wpcf7-text wpcf7-validates-as-required uk-input\" aria-required=\"true\" aria-invalid=\"false\" placeholder=\"Nom et Pr\u00e8nom\" value=\"\" type=\"text\" name=\"your-name\" \/><\/span>\n<\/p>\n<p><span class=\"wpcf7-form-control-wrap\" data-name=\"your-phone\"><input size=\"40\" maxlength=\"400\" class=\"wpcf7-form-control wpcf7-text wpcf7-validates-as-required uk-input\" aria-required=\"true\" aria-invalid=\"false\" placeholder=\"T\u00e9l\u00e9phone\" value=\"\" type=\"text\" name=\"your-phone\" \/><\/span>\n<\/p>\n<p><span class=\"wpcf7-form-control-wrap\" data-name=\"your-email\"><input size=\"40\" maxlength=\"400\" class=\"wpcf7-form-control wpcf7-email wpcf7-validates-as-required wpcf7-text wpcf7-validates-as-email uk-input\" aria-required=\"true\" aria-invalid=\"false\" placeholder=\"Email\" value=\"\" type=\"email\" name=\"your-email\" \/><\/span>\n<\/p>\n<p><span class=\"wpcf7-form-control-wrap\" data-name=\"messaggio\"><textarea cols=\"40\" rows=\"10\" maxlength=\"2000\" class=\"wpcf7-form-control wpcf7-textarea wpcf7-validates-as-required uk-textarea\" aria-required=\"true\" aria-invalid=\"false\" placeholder=\"Message\" name=\"messaggio\"><\/textarea><\/span>\n<\/p>\n<p><span class=\"wpcf7-form-control-wrap\" data-name=\"Accettazione-privacy\"><span class=\"wpcf7-form-control wpcf7-acceptance\"><span class=\"wpcf7-list-item\"><label><input type=\"checkbox\" name=\"Accettazione-privacy\" value=\"1\" class=\"uk-checkbox\" aria-invalid=\"false\" \/><span class=\"wpcf7-list-item-label\">Je consens au traitement de mes donn\u00e9es personnelles<\/span><\/label><\/span><\/span><\/span><br \/>\n<span class=\"wpcf7-form-control-wrap url\" data-name=\"url\"><input type=\"hidden\" name=\"url\" class=\"wpcf7-form-control wpcf7-hidden wpcf7dtx wpcf7dtx-hidden\" aria-invalid=\"false\" value=\"https:\/\/www.guideturistiche.vda.it\/fr\/wp-json\/wp\/v2\/pages\/4738\"><\/span>\n<\/p>\n<p><input class=\"wpcf7-form-control wpcf7-submit has-spinner uk-button uk-button-danger\" type=\"submit\" value=\"&gt;&gt; Envoyer\" \/>\n<\/p><div class=\"wpcf7-response-output\" aria-hidden=\"true\"><\/div>\n<\/form>\n<\/div>\n\n<\/div>\n<p><!-- {\"name\":\"Pagina interna visita (solo blocco testo) FR\",\"type\":\"layout\",\"children\":[{\"name\":\"Article\",\"type\":\"section\",\"props\":{\"style\":\"default\",\"width\":\"default\",\"image_size\":\"contain\",\"animation\":\"slide-left-small\",\"padding\":\"small\",\"padding_remove_top\":false,\"image\":\"\",\"image_position\":\"bottom-center\",\"media_overlay\":\"rgba(254, 254, 254, 0.84)\",\"class\":\"\",\"image_effect\":\"\",\"vertical_align\":\"middle\",\"title_position\":\"top-left\",\"title_rotation\":\"left\",\"title_breakpoint\":\"xl\",\"text_color\":\"\",\"width_expand\":\"\",\"height\":\"\",\"header_transparent\":\"\"},\"children\":[{\"name\":\"\",\"type\":\"row\",\"props\":{\"fixed_width\":\"large\",\"breakpoint\":\"m\",\"layout\":\"1-1\",\"gutter\":\"\",\"width\":\"\",\"width_expand\":\"\",\"height\":\"\",\"margin\":\"small\",\"class\":\"\",\"margin_remove_bottom\":false,\"margin_remove_top\":false},\"children\":[{\"name\":\"\",\"type\":\"column\",\"props\":{\"image_position\":\"center-center\",\"widths\":[\"1-1\"],\"media_overlay_gradient\":\"\",\"vertical_align\":\"\",\"style\":\"\",\"text_color\":\"\",\"padding\":\"\"},\"children\":[{\"name\":\"\",\"type\":\"headline\",\"props\":{\"title_element\":\"h1\",\"content\":\"Skyway: t\\u00e9l\\u00e9pherique Mont-Blanc\",\"title_style\":\"h1\",\"text_align\":\"center\",\"title_decoration\":\"\",\"animation\":\"slide-bottom-small\",\"margin\":\"medium\",\"title_color\":\"\",\"text_align_breakpoint\":\"\",\"text_align_fallback\":\"\",\"maxwidth\":\"\",\"maxwidth_breakpoint\":\"\",\"visibility\":\"\",\"block_align\":\"\",\"title_font_family\":\"\",\"position\":\"\",\"position_z_index\":\"\",\"block_align_breakpoint\":\"\",\"block_align_fallback\":\"\"}},{\"type\":\"text\",\"props\":{\"margin\":\"default\",\"column_breakpoint\":\"m\",\"text_style\":\"\",\"text_color\":\"\",\"text_size\":\"\",\"column\":\"\",\"text_align\":\"center\",\"text_align_breakpoint\":\"\",\"text_align_fallback\":\"\",\"maxwidth\":\"\",\"maxwidth_breakpoint\":\"\",\"animation\":\"\",\"visibility\":\"\",\"content\":\"[seopress_breadcrumbs]\",\"block_align\":\"\"}}]}]},{\"name\":\"\",\"type\":\"row\",\"props\":{\"fixed_width\":\"large\",\"breakpoint\":\"m\",\"layout\":\"2-3,\",\"gutter\":\"large\",\"margin\":\"medium\",\"width\":\"\",\"width_expand\":\"\",\"height\":\"\",\"margin_remove_top\":false},\"children\":[{\"name\":\"\",\"type\":\"column\",\"props\":{\"image_position\":\"center-center\",\"widths\":[\"2-3\"],\"media_overlay_gradient\":\"\",\"vertical_align\":\"\",\"style\":\"\",\"text_color\":\"\",\"padding\":\"\"},\"children\":[{\"name\":\"\",\"type\":\"image\",\"props\":{\"margin\":\"default\",\"image\":\"wp-content\\\/uploads\\\/funiviaMonteBianco-1.jpg\",\"animation\":\"slide-left-small\",\"image_svg_color\":\"emphasis\",\"link_target\":\"\",\"image_border\":\"\",\"image_box_shadow\":\"\",\"image_hover_box_shadow\":\"\",\"image_box_decoration\":\"primary\",\"text_align\":\"\",\"text_align_breakpoint\":\"\",\"text_align_fallback\":\"\",\"maxwidth\":\"\",\"maxwidth_breakpoint\":\"\",\"visibility\":\"\",\"image_box_decoration_inverse\":false,\"image_svg_inline\":false,\"block_align\":\"\",\"position\":\"\",\"position_z_index\":\"\",\"block_align_breakpoint\":\"\",\"block_align_fallback\":\"\"}}]},{\"name\":\"\",\"type\":\"column\",\"props\":{\"image_position\":\"center-center\",\"widths\":[\"\"],\"media_overlay_gradient\":\"\",\"vertical_align\":\"\",\"style\":\"\",\"text_color\":\"\",\"padding\":\"\"},\"children\":[{\"name\":\"\",\"type\":\"description_list\",\"props\":{\"list_style\":\"divider\",\"list_size\":true,\"layout\":\"stacked\",\"title_style\":\"h3\",\"animation\":\"slide-right-small\",\"show_link\":true,\"show_title\":true,\"show_meta\":true,\"show_content\":true,\"width\":\"auto\",\"gutter\":\"small\",\"meta_style\":\"meta\",\"meta_align\":\"below-content\",\"breakpoint\":\"\",\"title_color\":\"\",\"meta_color\":\"\",\"content_style\":\"\",\"link_style\":\"\",\"text_align\":\"\",\"text_align_breakpoint\":\"\",\"text_align_fallback\":\"\",\"maxwidth\":\"\",\"maxwidth_breakpoint\":\"\",\"margin\":\"\",\"visibility\":\"\",\"css\":\"polygon{\\n\\tfill:#ffc903;\\n}\\n\\nsvg{\\n    margin-top: 0.5em;\\n}\",\"block_align\":\"\",\"position\":\"\",\"position_z_index\":\"\",\"block_align_breakpoint\":\"\",\"block_align_fallback\":\"\",\"title_font_family\":\"\"},\"children\":[{\"name\":\"\",\"type\":\"description_list_item\",\"props\":{\"title\":\"Monument payant\",\"content\":\"<span uk-icon=\\\"icon: credit-card; ratio:2\\\"><\\\/span>\"}},{\"name\":\"\",\"type\":\"description_list_item\",\"props\":{\"title\":\"Partiellement accessible aux personnes \\u00e0 mobilit\\u00e9 r\\u00e9duite\",\"content\":\"<span uk-icon=\\\"icon: warning; ratio:2\\\"><\\\/span>\\n\"}},{\"name\":\"\",\"type\":\"description_list_item\",\"props\":{\"title\":\"Visites pour groupes\",\"content\":\"<span uk-icon=\\\"icon: users; ratio:2\\\"><\\\/span>\\n\"}},{\"name\":\"\",\"type\":\"description_list_item\",\"props\":{\"title\":\"Visites pour individuels \",\"content\":\"<span uk-icon=\\\"icon: user; ratio:2\\\"><\\\/span>\"}},{\"name\":\"\",\"type\":\"description_list_item\",\"props\":{\"title\":\"Opinions des clients - 153 commentaires\",\"content\":\"<span uk-icon=\\\"icon: star; ratio:2\\\" style=\\\"color:#ffc903\\\"><\\\/span><span uk-icon=\\\"icon: star; ratio:2\\\" style=\\\"color:#ffc903\\\"><\\\/span><span uk-icon=\\\"icon: star; ratio:2\\\" style=\\\"color:#ffc903\\\"><\\\/span><span uk-icon=\\\"icon: star; ratio:2\\\" style=\\\"color:#ffc903\\\"><\\\/span><span uk-icon=\\\"icon: star; ratio:2\\\" style=\\\"color:#ffc903\\\"><\\\/span>\",\"meta\":\"\"}}]},{\"type\":\"html\",\"props\":{\"content\":\"<script type=\\\"application\\\/ld+json\\\">\\n{\\n  \\\"@context\\\": \\\"https:\\\/\\\/schema.org\\\/\\\",\\n  \\\"@type\\\": \\\"TouristAttraction\\\",\\n  \\\"name\\\": \\\"Skyway: t\\u00e9l\\u00e9pherique Mont-Blanc\\\",\\n  \\\"description\\\": \\\"Vivez avec nous l\\u2019exp\\u00e9rience Skyway Mont-Blanc ! Avec les nouvelles t\\u00e9l\\u00e9ph\\u00e9riques, la mont\\u00e9e de Courmayeur (Pontal d\\u2019Entr\\u00e8ves, 1.300 m) \\u00e0 Punta Helbronner (3.466 m) est une \\u00e9motion unique!\\\",\\n\\\"publicAccess\\\": true,\\n  \\\"touristType\\\": [\\n      \\\"Cultural tourism\\\"\\n],\\n\\\"aggregateRating\\\": {\\n    \\\"@type\\\": \\\"AggregateRating\\\",\\n    \\\"ratingValue\\\": \\\"100\\\",\\n    \\\"bestRating\\\": \\\"100\\\",\\n    \\\"ratingCount\\\": \\\"153\\\"\\n  }\\n}\\n<\\\/script>\"}}]}]}]},{\"type\":\"section\",\"props\":{\"style\":\"default\",\"width\":\"default\",\"vertical_align\":\"middle\",\"title_position\":\"top-left\",\"title_rotation\":\"left\",\"title_breakpoint\":\"xl\",\"image_position\":\"center-center\",\"text_color\":\"\",\"width_expand\":\"\",\"height\":\"\",\"padding\":\"\",\"header_transparent\":\"\",\"animation\":\"\"},\"children\":[{\"type\":\"row\",\"props\":{\"layout\":\"1-1\",\"breakpoint\":\"m\",\"fixed_width\":\"large\",\"gutter\":\"\",\"width\":\"\",\"width_expand\":\"\",\"height\":\"\",\"margin\":\"\"},\"children\":[{\"type\":\"column\",\"props\":{\"widths\":[\"1-1\"],\"image_position\":\"center-center\",\"media_overlay_gradient\":\"\",\"vertical_align\":\"\",\"style\":\"\",\"text_color\":\"\",\"padding\":\"\"},\"children\":[{\"name\":\"\",\"type\":\"text\",\"props\":{\"column_breakpoint\":\"m\",\"margin\":\"default\",\"content\":\"\n\n<p><strong>Vivez avec nous l\\u2019exp\\u00e9rience Skyway Mont-Blanc\\u00a0!\\u00a0<\\\/strong>Avec les nouvelles t\\u00e9l\\u00e9ph\\u00e9riques, la mont\\u00e9e de\\u00a0<strong>Courmayeur<\\\/strong>\\u00a0(Pontal d\\u2019Entr\\u00e8ves, 1.300 m) \\u00e0\\u00a0<strong>Punta Helbronner<\\\/strong>\\u00a0(3.466 m) est une \\u00e9motion unique!<\\\/p>\\n\n\n<p>La mont\\u00e9e a lieu \\u00e0 l\\u2019int\\u00e9rieur de cabines qui pivotent \\u00e0 360 degr\\u00e9s pendant tout le parcours, pour permettre aux visiteurs d\\u2019admirer le paysage environnant.<\\\/p>\\n\n\n<p>Deux tron\\u00e7ons de t\\u00e9l\\u00e9ph\\u00e9rique relient les trois gares de Pontal d\\u2019Entr\\u00e8ves, Pavillon du Mont Fr\\u00e9ty et Punta Helbronner, espaces b\\u00e2tis en verre et en acier qui s\\u2019harmonisent avec le territoire.<\\\/p>\\n\n\n<p>De la gare de d\\u00e9part de Portal d\\u2019Entr\\u00e8ves, on arrive \\u00e0 la gare interm\\u00e9diaire du Pavillon du Mont Fr\\u00e8ty, d\\u2019o\\u00f9 on peut jouir d\\u2019un panorama magnifique du\\u00a0<strong>Val Ferret<\\\/strong>\\u00a0et du\\u00a0<strong>Val Veny<\\\/strong>. A l\\u2019ext\\u00e9rieur, on peut visiter l\\u2019un des jardins botaniques les plus hauts d\\u2019Europe, parcourir les divers itin\\u00e9raires de rapprochement \\u00e0 la nature et se d\\u00e9tendre au solarium. A l\\u2019int\\u00e9rieur deux restaurants, un bar, une salle de congr\\u00e8s, un petit centre commercial et une cave de vinification accueillent les visiteurs. En continuant avec le deuxi\\u00e8me tron\\u00e7on on atteint la gare de Punta Helbronner, qui tout en reproduisant la forme d\\u2019un cristal, se d\\u00e9veloppe en grande partie \\u00e0 la verticale avec des terrasses en porte-\\u00e0-faux. La terrasse panoramique en rotonde offre des vues extraordinaires sur le\\u00a0<strong>Mont Blanc<\\\/strong>, le\\u00a0<strong>Mont Rose<\\\/strong>, le\\u00a0<strong>Cervin<\\\/strong>, le\\u00a0<strong>Grand Paradis<\\\/strong>\\u00a0et le\\u00a0<strong>Grand Combin<\\\/strong>. Dans la partie interne il y a l\\u2019exposition de cristaux, un restaurant et un point d\\u2019information multim\\u00e9dia. De la gare de Punta Helbronner, gr\\u00e2ce \\u00e0 des ascenseurs reli\\u00e9s \\u00e0 un tunnel pi\\u00e9ton on arrive au Refuge Turin.<\\\/p>\\n\n\n<p>Pendant l\\u2019\\u00e9t\\u00e9, on peut aller plus loin avec le t\\u00e9l\\u00e9ph\\u00e9rique \\u00ab\\u00a0Panoramic Mont-Blanc\\u00a0\\u00bb, qui survole le glacier du g\\u00e9ant et arrive \\u00e0 la gare fran\\u00e7aise de l\\u2019Aiguille du Midi (3777 m\\u00e8tres), d\\u2019o\\u00f9 on peut atteindre Chamonix.<\\\/p>\",\"text_style\":\"\",\"text_color\":\"\",\"text_size\":\"\",\"column\":\"\",\"text_align\":\"justify\",\"text_align_breakpoint\":\"\",\"text_align_fallback\":\"\",\"maxwidth\":\"\",\"maxwidth_breakpoint\":\"\",\"animation\":\"\",\"visibility\":\"\",\"block_align\":\"\",\"position\":\"\",\"position_z_index\":\"\",\"block_align_breakpoint\":\"\",\"block_align_fallback\":\"\"}}]}]},{\"type\":\"row\",\"props\":{\"layout\":\"1-1\",\"breakpoint\":\"m\",\"fixed_width\":\"large\",\"gutter\":\"\",\"width\":\"\",\"width_expand\":\"\",\"height\":\"\",\"margin\":\"\"},\"children\":[{\"type\":\"column\",\"props\":{\"widths\":[\"1-1\"],\"image_position\":\"center-center\",\"media_overlay_gradient\":\"\",\"vertical_align\":\"\",\"style\":\"\",\"text_color\":\"\",\"padding\":\"\"},\"children\":[{\"name\":\"\",\"type\":\"headline\",\"props\":{\"title_element\":\"h2\",\"content\":\"\n\n<h2 class=\\\"uk-heading-line\\\"><strong>R\\u00e9server une visite<\\\/strong><\\\/h2>\",\"title_decoration\":\"line\",\"title_style\":\"\",\"title_color\":\"\",\"text_align\":\"\",\"text_align_breakpoint\":\"\",\"text_align_fallback\":\"\",\"maxwidth\":\"\",\"maxwidth_breakpoint\":\"\",\"margin\":\"\",\"animation\":\"\",\"visibility\":\"\",\"block_align\":\"\",\"title_font_family\":\"\",\"position\":\"\",\"position_z_index\":\"\",\"block_align_breakpoint\":\"\",\"block_align_fallback\":\"\"}},{\"name\":\"\",\"type\":\"text\",\"props\":{\"column_breakpoint\":\"m\",\"margin\":\"default\",\"content\":\"\n\n<p>[contact-form-7 id=\\\"3558\\\" title=\\\"Contatto_fr\\\"]<\\\/p>\",\"text_style\":\"\",\"text_color\":\"\",\"text_size\":\"\",\"column\":\"\",\"text_align\":\"justify\",\"text_align_breakpoint\":\"\",\"text_align_fallback\":\"\",\"maxwidth\":\"\",\"maxwidth_breakpoint\":\"\",\"animation\":\"\",\"visibility\":\"\",\"block_align\":\"\",\"position\":\"\",\"position_z_index\":\"\",\"block_align_breakpoint\":\"\",\"block_align_fallback\":\"\"}}]}]}]}],\"version\":\"1.21.6\",\"props\":[]} --><\/p>\n","protected":false},"excerpt":{"rendered":"<p>Skyway: t\u00e9l\u00e9pherique Mont-Blanc Monument payant Partiellement accessible aux personnes \u00e0 mobilit\u00e9 r\u00e9duite Visites pour groupes Visites pour individuels Opinions des clients &#8211; 153 commentaires Vivez avec nous l\u2019exp\u00e9rience Skyway Mont-Blanc\u00a0!\u00a0Avec les nouvelles t\u00e9l\u00e9ph\u00e9riques, la mont\u00e9e de\u00a0Courmayeur\u00a0(Pontal d\u2019Entr\u00e8ves, 1.300 m) \u00e0\u00a0Punta Helbronner\u00a0(3.466 m) est une \u00e9motion unique! La mont\u00e9e a lieu \u00e0 l\u2019int\u00e9rieur de cabines qui [&hellip;]<\/p>\n","protected":false},"author":1,"featured_media":4350,"parent":4443,"menu_order":0,"comment_status":"closed","ping_status":"closed","template":"","meta":{"_seopress_robots_primary_cat":"","_seopress_titles_title":"Visite Skyway Mont Blanc: la huiti\u00e8me merveille du monde","_seopress_titles_desc":"Skyway Mont Blanc: montez sur le sommet d&#039;Europe. Avec les nouvelles t\u00e9l\u00e9ph\u00e9riques, la mont\u00e9e de Courmayeur \u00e0 Punta Helbronner est une \u00e9motion unique!","_seopress_robots_index":"","footnotes":""},"class_list":["post-4738","page","type-page","status-publish","has-post-thumbnail","hentry"],"_links":{"self":[{"href":"https:\/\/www.guideturistiche.vda.it\/fr\/wp-json\/wp\/v2\/pages\/4738","targetHints":{"allow":["GET"]}}],"collection":[{"href":"https:\/\/www.guideturistiche.vda.it\/fr\/wp-json\/wp\/v2\/pages"}],"about":[{"href":"https:\/\/www.guideturistiche.vda.it\/fr\/wp-json\/wp\/v2\/types\/page"}],"author":[{"embeddable":true,"href":"https:\/\/www.guideturistiche.vda.it\/fr\/wp-json\/wp\/v2\/users\/1"}],"replies":[{"embeddable":true,"href":"https:\/\/www.guideturistiche.vda.it\/fr\/wp-json\/wp\/v2\/comments?post=4738"}],"version-history":[{"count":10,"href":"https:\/\/www.guideturistiche.vda.it\/fr\/wp-json\/wp\/v2\/pages\/4738\/revisions"}],"predecessor-version":[{"id":5519,"href":"https:\/\/www.guideturistiche.vda.it\/fr\/wp-json\/wp\/v2\/pages\/4738\/revisions\/5519"}],"up":[{"embeddable":true,"href":"https:\/\/www.guideturistiche.vda.it\/fr\/wp-json\/wp\/v2\/pages\/4443"}],"wp:featuredmedia":[{"embeddable":true,"href":"https:\/\/www.guideturistiche.vda.it\/fr\/wp-json\/wp\/v2\/media\/4350"}],"wp:attachment":[{"href":"https:\/\/www.guideturistiche.vda.it\/fr\/wp-json\/wp\/v2\/media?parent=4738"}],"curies":[{"name":"wp","href":"https:\/\/api.w.org\/{rel}","templated":true}]}}