{"id":4443,"date":"2019-07-25T09:35:21","date_gmt":"2019-07-25T09:35:21","guid":{"rendered":"https:\/\/www.guideturistiche.vda.it\/territorio\/"},"modified":"2020-01-15T11:10:09","modified_gmt":"2020-01-15T11:10:09","slug":"territoire","status":"publish","type":"page","link":"https:\/\/www.guideturistiche.vda.it\/fr\/territoire\/","title":{"rendered":"Territoire"},"content":{"rendered":"<div>\n<nav  aria-label=\"Fil d&#039;Ariane\"><ol class=\"breadcrumb\"><li class=\"breadcrumb-item active\" aria-current=\"page\"><span>Guide Turistiche Valle d'Aosta<\/span><\/li><\/ol><\/nav>\n<\/div>\n<h1>Territoire<\/h1>\n<div>\n<p>Visites guid\u00e9es en Vall\u00e9e d&rsquo;Aoste<\/p>\n<\/div>\n<h2>\n<div class=\"  guidetur-hp\">\n<div class=\"  guidetur-hp\">\n<p>Visites guid\u00e9es<\/p>\n<\/div>\n<\/div>\n<\/h2>\n<ul>\n<li>\n<p>        <img decoding=\"async\" src=\"wp-content\/uploads\/funiviaMonteBianco-1.jpg\" alt=\"\"><\/p>\n<h3>SKYWAY MONT-BLANC<\/h3>\n<p>Vivre une esp\u00e9rience unique<\/p>\n<div>\n<p>Vivez avec nous l\u2019exp\u00e9rience Skyway Mont-Blanc ! Avec les nouvelles t\u00e9l\u00e9ph\u00e9riques, la mont\u00e9e de Courmayeur \u00e0 Punta Helbronner (3.466 m)<\/p>\n<\/div>\n<p><a href=\"\/fr\/territoire\/skyway-telepherique-mont-blanc\/\">Read more<\/a><\/p>\n<\/li>\n<li>\n<p>        <img decoding=\"async\" src=\"wp-content\/uploads\/Chamois.jpg\" alt=\"\"><\/p>\n<h3>CHAMOIS, PERLE DES ALPES<\/h3>\n<p>Villages alpins<\/p>\n<div>\n<p>Dans la vall\u00e9e du Cervin se trouve Chamois, la plus haute commune de la Vall\u00e9e d\u2019Aoste. Dans ce village ne circulent pas les voitures<\/p>\n<\/div>\n<p><a href=\"\/fr\/territoire\/chamoix-perle-des-alpes\/\">Read more<\/a><\/p>\n<\/li>\n<li>\n<p>        <img decoding=\"async\" src=\"wp-content\/uploads\/Cogne.jpg\" alt=\"\"><\/p>\n<h3>COGNE<\/h3>\n<p>Villages alpins<\/p>\n<div>\n<p>Cogne est un joli village situ\u00e9 dans le c\u0153ur du Parc National du Grand Paradis, \u00e0 1534 m\u00e8tres d\u2019altitude. Les paysages idylliques de la Valnontey&#8230;<\/p>\n<\/div>\n<p><a href=\"\/fr\/territoire\/cogne\/\">Read more<\/a><\/p>\n<\/li>\n<li>\n<p>        <img decoding=\"async\" src=\"wp-content\/uploads\/Cogne.jpg\" alt=\"\"><\/p>\n<h3>GRESSONEY<\/h3>\n<p>Villages alpins<\/p>\n<div>\n<p>A 1385 m\u00e8tres on rencontre Gressoney-Saint-Jean, caract\u00e9ristique localit\u00e9 de montagne qui offre une vue sur le Mont Rose&#8230;<\/p>\n<\/div>\n<p><a href=\"\/fr\/territoire\/gressoney-st-jean-e-gessoney-la-trinite\/\">Read more<\/a><\/p>\n<\/li>\n<\/ul>\n<p><!-- {\"name\":\"Pagina raccoglitore castelli\",\"type\":\"layout\",\"children\":[{\"name\":\"TESTATA\",\"type\":\"section\",\"props\":{\"width\":\"default\",\"padding\":\"\",\"style\":\"secondary\",\"text_color\":\"light\",\"media\":\"images\\\/home-header.jpg\",\"height_viewport\":true,\"header_overlay\":\"light\",\"image\":\"wp-content\\\/uploads\\\/territorio-GuideTuristicheVda.jpg\",\"media_advanced\":true,\"image_size\":\"cover\",\"media_background\":null,\"media_overlay\":\"rgba(0, 0, 0, 0.14)\",\"height\":\"percent\",\"animation\":\"fade\",\"header_transparent\":\"light\",\"image_position\":\"\",\"image_fixed\":false,\"class\":\"\",\"overlap\":true,\"vertical_align\":\"middle\",\"title_position\":\"top-left\",\"title_rotation\":\"left\",\"title_breakpoint\":\"xl\",\"image_width\":\"1920\",\"image_effect\":\"\",\"width_expand\":\"\"},\"children\":[{\"name\":\"\",\"type\":\"row\",\"props\":{\"layout\":\"1-1\",\"breakpoint\":\"m\",\"fixed_width\":\"large\"},\"children\":[{\"name\":\"\",\"type\":\"column\",\"props\":{\"image_position\":\"center-center\",\"widths\":[\"1-1\"],\"media_overlay_gradient\":\"\"},\"children\":[{\"name\":\"\",\"type\":\"text\",\"props\":{\"column_breakpoint\":\"m\",\"margin\":\"remove-vertical\",\"content\":\"\n\n<p>[seopress_breadcrumbs]<\\\/p>\",\"text_style\":\"lead\",\"text_align\":\"center\",\"text_color\":\"\",\"text_size\":\"\",\"column\":\"\",\"text_align_breakpoint\":\"\",\"text_align_fallback\":\"\",\"maxwidth\":\"\",\"maxwidth_breakpoint\":\"\",\"animation\":\"\",\"visibility\":\"\",\"block_align\":\"\",\"position\":\"\",\"position_z_index\":\"\",\"block_align_breakpoint\":\"\",\"block_align_fallback\":\"\"}},{\"name\":\"\",\"type\":\"headline\",\"props\":{\"title_element\":\"h1\",\"title_style\":\"heading-large\",\"content\":\"Territoire\",\"text_align\":\"center\",\"title_decoration\":\"\",\"title_color\":\"\",\"text_align_breakpoint\":\"\",\"text_align_fallback\":\"\",\"maxwidth\":\"\",\"maxwidth_breakpoint\":\"\",\"margin\":\"small\",\"animation\":\"\",\"visibility\":\"\",\"block_align\":\"\",\"title_font_family\":\"\",\"position\":\"\",\"position_z_index\":\"\",\"block_align_breakpoint\":\"\",\"block_align_fallback\":\"\"}},{\"name\":\"\",\"type\":\"text\",\"props\":{\"column_breakpoint\":\"m\",\"margin\":\"remove-vertical\",\"content\":\"\n\n<p>Visites guid\\u00e9es en Vall\\u00e9e d'Aoste<\\\/p>\",\"text_style\":\"lead\",\"text_align\":\"center\",\"text_color\":\"\",\"text_size\":\"\",\"column\":\"\",\"text_align_breakpoint\":\"\",\"text_align_fallback\":\"\",\"maxwidth\":\"\",\"maxwidth_breakpoint\":\"\",\"animation\":\"\",\"visibility\":\"\",\"block_align\":\"\",\"position\":\"\",\"position_z_index\":\"\",\"block_align_breakpoint\":\"\",\"block_align_fallback\":\"\"}}]}]}]},{\"name\":\"PRESENTAZIONE CASTELLI\",\"type\":\"section\",\"props\":{\"width\":\"default\",\"padding\":\"small\",\"style\":\"default\",\"text_color\":\"\",\"media\":\"\",\"height_viewport\":false,\"header_overlay\":\"light\",\"animation\":\"slide-top-medium\",\"padding_remove_top\":false,\"image_size\":\"cover\",\"image\":\"\",\"image_position\":\"bottom-center\",\"image_fixed\":false,\"class\":\"\",\"media_overlay\":\"rgba(255, 255, 255, 0.88)\",\"overlap\":false,\"vertical_align\":\"middle\",\"title_position\":\"top-left\",\"title_rotation\":\"left\",\"title_breakpoint\":\"xl\",\"image_effect\":\"\",\"width_expand\":\"\",\"height\":\"\",\"header_transparent\":\"\"},\"children\":[{\"name\":\"\",\"type\":\"row\",\"props\":{\"layout\":\"1-1\",\"breakpoint\":\"m\",\"margin\":\"medium\",\"fixed_width\":\"large\"},\"children\":[{\"name\":\"\",\"type\":\"column\",\"props\":{\"image_position\":\"center-center\",\"widths\":[\"1-1\"],\"media_overlay_gradient\":\"\"},\"children\":[{\"type\":\"headline\",\"props\":{\"title_element\":\"h2\",\"title_style\":\"\",\"title_decoration\":\"line\",\"title_color\":\"\",\"text_align\":\"\",\"text_align_breakpoint\":\"\",\"text_align_fallback\":\"\",\"maxwidth\":\"\",\"maxwidth_breakpoint\":\"\",\"margin\":\"\",\"animation\":\"\",\"visibility\":\"\",\"content\":\"\n\n<div class=\\\"  guidetur-hp\\\">\\n\n\n<div class=\\\"  guidetur-hp\\\">\\n\n\n<p>Visites guid\\u00e9es<\\\/p>\\n<\\\/div>\\n<\\\/div>\",\"block_align\":\"\",\"title_font_family\":\"\",\"position\":\"\",\"position_z_index\":\"\",\"block_align_breakpoint\":\"\",\"block_align_fallback\":\"\"}},{\"name\":\"\",\"type\":\"grid\",\"props\":{\"show_title\":true,\"show_meta\":true,\"show_content\":true,\"show_image\":true,\"show_link\":true,\"grid_default\":\"1\",\"grid_medium\":\"2\",\"title_element\":\"h3\",\"meta_style\":\"meta\",\"meta_align\":\"above-title\",\"icon_ratio\":4,\"image_align\":\"left\",\"image_grid_width\":\"1-2\",\"image_breakpoint\":\"m\",\"link_text\":\"Read more\",\"link_style\":\"default\",\"margin\":\"default\",\"meta_margin\":\"\",\"image_border\":\"rounded\",\"link_size\":\"small\",\"gutter\":\"small\",\"panel_style\":\"card-hover\",\"panel_size\":\"\",\"image_vertical_align\":true,\"title_margin\":\"small\",\"link_type\":\"element\",\"filter_style\":\"tab\",\"filter_all\":true,\"filter_position\":\"top\",\"filter_align\":\"left\",\"filter_grid_width\":\"auto\",\"filter_breakpoint\":\"m\",\"title_align\":\"top\",\"title_grid_width\":\"1-2\",\"title_breakpoint\":\"m\",\"image_svg_color\":\"emphasis\",\"item_animation\":\"\",\"grid_small\":\"\",\"grid_large\":\"\",\"grid_xlarge\":\"\",\"filter_margin\":\"\",\"filter_gutter\":\"\",\"title_display\":\"\",\"content_display\":\"\",\"panel_content_padding\":\"\",\"item_maxwidth\":\"\",\"title_style\":\"\",\"title_decoration\":\"bullet\",\"title_color\":\"\",\"title_gutter\":\"\",\"meta_color\":\"\",\"content_style\":\"\",\"content_margin\":\"\",\"image_box_shadow\":\"\",\"image_hover_box_shadow\":\"\",\"image_box_decoration\":\"\",\"icon_color\":\"\",\"image_gutter\":\"\",\"image_margin\":\"\",\"link_margin\":\"\",\"text_align\":\"justify\",\"text_align_breakpoint\":\"\",\"text_align_fallback\":\"\",\"maxwidth\":\"\",\"maxwidth_breakpoint\":\"\",\"visibility\":\"\",\"block_align\":\"\",\"title_hover_style\":\"reset\",\"title_font_family\":\"\",\"image_transition\":\"\",\"position\":\"\",\"position_z_index\":\"\",\"block_align_breakpoint\":\"\",\"block_align_fallback\":\"\"},\"children\":[{\"name\":\"\",\"type\":\"grid_item\",\"props\":{\"content\":\"\n\n<p>Vivez avec nous l\\u2019exp\\u00e9rience Skyway Mont-Blanc ! Avec les nouvelles t\\u00e9l\\u00e9ph\\u00e9riques, la mont\\u00e9e de Courmayeur \\u00e0 Punta Helbronner (3.466 m)<\\\/p>\",\"title\":\"SKYWAY MONT-BLANC\",\"meta\":\"Vivre une esp\\u00e9rience unique\",\"image\":\"wp-content\\\/uploads\\\/funiviaMonteBianco-1.jpg\",\"link\":\"\\\/fr\\\/territoire\\\/skyway-telepherique-mont-blanc\\\/\",\"tags\":\"\"}},{\"name\":\"\",\"type\":\"grid_item\",\"props\":{\"content\":\"\n\n<p>Dans la vall\\u00e9e du Cervin se trouve Chamois, la plus haute commune de la Vall\\u00e9e d\\u2019Aoste. Dans ce village ne circulent pas les voitures<\\\/p>\",\"title\":\"CHAMOIS, PERLE DES ALPES\",\"meta\":\"Villages alpins\",\"image\":\"wp-content\\\/uploads\\\/Chamois.jpg\",\"link\":\"\\\/fr\\\/territoire\\\/chamoix-perle-des-alpes\\\/\"}},{\"name\":\"\",\"type\":\"grid_item\",\"props\":{\"content\":\"\n\n<p>Cogne est un joli village situ\\u00e9 dans le c\\u0153ur du Parc National du Grand Paradis, \\u00e0 1534 m\\u00e8tres d\\u2019altitude. Les paysages idylliques de la Valnontey...<\\\/p>\",\"title\":\"COGNE\",\"meta\":\"Villages alpins\",\"image\":\"wp-content\\\/uploads\\\/Cogne.jpg\",\"link\":\"\\\/fr\\\/territoire\\\/cogne\\\/\"}},{\"name\":\"\",\"type\":\"grid_item\",\"props\":{\"content\":\"\n\n<p>A 1385 m\\u00e8tres on rencontre Gressoney-Saint-Jean, caract\\u00e9ristique localit\\u00e9 de montagne qui offre une vue sur le Mont Rose...<\\\/p>\",\"title\":\"GRESSONEY\",\"meta\":\"Villages alpins\",\"image\":\"wp-content\\\/uploads\\\/Cogne.jpg\",\"link\":\"\\\/fr\\\/territoire\\\/gressoney-st-jean-e-gessoney-la-trinite\\\/\"}}]}]}]}]}],\"version\":\"1.21.6\",\"props\":[]} --><\/p>\n","protected":false},"excerpt":{"rendered":"<p>Territoire Visites guid\u00e9es en Vall\u00e9e d&rsquo;Aoste Visites guid\u00e9es SKYWAY MONT-BLANC Vivre une esp\u00e9rience unique Vivez avec nous l\u2019exp\u00e9rience Skyway Mont-Blanc ! Avec les nouvelles t\u00e9l\u00e9ph\u00e9riques, la mont\u00e9e de Courmayeur \u00e0 Punta Helbronner (3.466 m) Read more CHAMOIS, PERLE DES ALPES Villages alpins Dans la vall\u00e9e du Cervin se trouve Chamois, la plus haute commune de [&hellip;]<\/p>\n","protected":false},"author":1,"featured_media":4645,"parent":0,"menu_order":0,"comment_status":"closed","ping_status":"closed","template":"","meta":{"_seopress_robots_primary_cat":"","_seopress_titles_title":"D\u00e9couvres le terroir de la Vall\u00e9e d&#039;Aoste avec un guide-conf\u00e9rencier","_seopress_titles_desc":"Skyway Mont-Blanc et petits villages alpins: venez d\u00e9couvrir la R\u00e8gion de la Vall\u00e9e d&#039;Aoste avec notres visites guid\u00e9e","_seopress_robots_index":"yes","footnotes":""},"class_list":["post-4443","page","type-page","status-publish","has-post-thumbnail","hentry"],"_links":{"self":[{"href":"https:\/\/www.guideturistiche.vda.it\/fr\/wp-json\/wp\/v2\/pages\/4443","targetHints":{"allow":["GET"]}}],"collection":[{"href":"https:\/\/www.guideturistiche.vda.it\/fr\/wp-json\/wp\/v2\/pages"}],"about":[{"href":"https:\/\/www.guideturistiche.vda.it\/fr\/wp-json\/wp\/v2\/types\/page"}],"author":[{"embeddable":true,"href":"https:\/\/www.guideturistiche.vda.it\/fr\/wp-json\/wp\/v2\/users\/1"}],"replies":[{"embeddable":true,"href":"https:\/\/www.guideturistiche.vda.it\/fr\/wp-json\/wp\/v2\/comments?post=4443"}],"version-history":[{"count":10,"href":"https:\/\/www.guideturistiche.vda.it\/fr\/wp-json\/wp\/v2\/pages\/4443\/revisions"}],"predecessor-version":[{"id":4775,"href":"https:\/\/www.guideturistiche.vda.it\/fr\/wp-json\/wp\/v2\/pages\/4443\/revisions\/4775"}],"wp:featuredmedia":[{"embeddable":true,"href":"https:\/\/www.guideturistiche.vda.it\/fr\/wp-json\/wp\/v2\/media\/4645"}],"wp:attachment":[{"href":"https:\/\/www.guideturistiche.vda.it\/fr\/wp-json\/wp\/v2\/media?parent=4443"}],"curies":[{"name":"wp","href":"https:\/\/api.w.org\/{rel}","templated":true}]}}