{"id":4040,"date":"2019-07-24T09:42:56","date_gmt":"2019-07-24T09:42:56","guid":{"rendered":"https:\/\/www.guideturistiche.vda.it\/architettura-romana\/"},"modified":"2019-07-24T11:29:08","modified_gmt":"2019-07-24T11:29:08","slug":"architecture-romaine","status":"publish","type":"page","link":"https:\/\/www.guideturistiche.vda.it\/fr\/architecture-romaine\/","title":{"rendered":"Architecture romaine"},"content":{"rendered":"<div>\n<nav  aria-label=\"Fil d&#039;Ariane\"><ol class=\"breadcrumb\"><li class=\"breadcrumb-item active\" aria-current=\"page\"><span>Guide Turistiche Valle d'Aosta<\/span><\/li><\/ol><\/nav>\n<\/div>\n<h1>Architecture romaine<\/h1>\n<div>\n<p>Visites guid\u00e9es Vall\u00e9e d&rsquo;Aoste<\/p>\n<\/div>\n<div>\n<p>Un guide-conf\u00e9rencier vous conduira \u00e0 la d\u00e9couverte des\u00a0<strong>sites arch\u00e9ologiques romains de la Vall\u00e9e d\u2019Aoste<\/strong>! Vous d\u00e9couvrirez des lieux pleins de charme le long de la Route des Gaules, comme le monumental\u00a0<strong>pont romain de Pont-St-Martin<\/strong>, l\u2019incroyable\u00a0<strong>arc de Donnas<\/strong>\u00a0et le joyau de l\u2019architecture romaine: le\u00a0<strong>pont-aqueduc de Pondel<\/strong>.<br \/>Pour les\u00a0<strong>groupes scolaires<\/strong>\u00a0nous avons organis\u00e9 des parcours p\u00e9dagogiques sur les th\u00e9matiques de l\u2019histoire, du patrimoine et de la tradition.<br \/>En outre, nous proposons des\u00a0<strong>visites guid\u00e9es<\/strong>\u00a0compl\u00e9t\u00e9es par la\u00a0<strong>d\u00e9gustation de produits typiques de la Vall\u00e9e d\u2019Aoste<\/strong>.<\/p>\n<\/div>\n<h2>\n<div class=\"  guidetur-hp\">\n<div class=\"  guidetur-hp\">\n<div class=\"  guidetur-hp\">\n<p>D\u00e9couvrez nos visites guid\u00e9es \u00a0<\/p>\n<\/div>\n<\/div>\n<\/div>\n<\/h2>\n<ul>\n<li>\n<p>        <img decoding=\"async\" src=\"wp-content\/uploads\/pontdAel.jpg\" alt=\"\"><\/p>\n<h3>PONT-AQUEDUC ROMAIN DE PONDEL<\/h3>\n<div>\n<p>A l\u2019int\u00e9rieur du village de Pont d\u2019Ael, dans le pays d\u2019Aymavilles, se cache une merveille de l\u2019architecture romaine : le pont-aqueduc qui traverse le torrent&#8230;<\/p>\n<\/div>\n<p><a href=\"\/fr\/architecture-romaine\/pont-aqueduc-romain-pondel\/\">Read more<\/a><\/p>\n<\/li>\n<li>\n<p>        <img decoding=\"async\" src=\"wp-content\/uploads\/viaDelleGallieValledAosta.jpg\" alt=\"\"><\/p>\n<h3>LA ROUTE DES GAULES<\/h3>\n<div>\n<p>La Route fut la premi\u00e8re infrastructure publique r\u00e9alis\u00e9e par les Romains en Vall\u00e9e d\u2019Aoste. Aujourd\u2019hui on peut encore admirer les vestiges arch\u00e9ologiques de l\u2019ancien&#8230;<\/p>\n<\/div>\n<p><a href=\"\/fr\/architecture-romaine\/la-routes-des-gaules\/\">Read more<\/a><\/p>\n<\/li>\n<li>\n<p>        <img decoding=\"async\" src=\"wp-content\/uploads\/arcoRomanoDonnas.jpg\" alt=\"\"><\/p>\n<h3>ARC DE DONNAS SUR LA ROUTE DES GAULES<\/h3>\n<div>\n<p>Le long de quelques portions de la Route des Gaules, la route romaine qui reliait la ville de Rome \u00e0 la vall\u00e9e du Rhone, les Romains ont d\u00e9fi\u00e9 la nature&#8230;<\/p>\n<\/div>\n<p><a href=\"\/fr\/architecture-romaine\/arc-de-donnas\/\">Read more<\/a><\/p>\n<\/li>\n<li>\n<p>        <img decoding=\"async\" src=\"wp-content\/uploads\/ponte-romano-pont-st-martin.jpg\" alt=\"\"><\/p>\n<h3>PONT ROMAIN DE PONT-ST-MARTIN<\/h3>\n<div>\n<p>Le pont romain de Pont-St-Martin est un important t\u00e9moignage de la Route des Gaules, la plus grande infrastructure r\u00e9alis\u00e9e par les Romains en Vall\u00e9e d\u2019Aoste&#8230;.<\/p>\n<\/div>\n<p><a href=\"\/fr\/architecture-romaine\/pont-romain-de-pont-st-martin\/\">Read more<\/a><\/p>\n<\/li>\n<\/ul>\n<h2>Carte des sites d&rsquo;architecture romaine<\/h2>\n<ul>\n<li>\n<h3>Pont d&rsquo;Ael<\/h3>\n<p>45.6772,7.223<\/p>\n<\/li>\n<li>\n<h3>Arco di Donnas<\/h3>\n<p>45.6023,7.7607<\/p>\n<\/li>\n<li>\n<h3>Pont-Saint-Martin<\/h3>\n<p>45.5991,7.7994<\/p>\n<\/li>\n<\/ul>\n<p><!-- {\"name\":\"Pagina raccoglitore castelli\",\"type\":\"layout\",\"children\":[{\"name\":\"TESTATA\",\"type\":\"section\",\"props\":{\"width\":\"default\",\"padding\":\"\",\"style\":\"secondary\",\"text_color\":\"light\",\"media\":\"images\\\/home-header.jpg\",\"height_viewport\":true,\"header_overlay\":\"light\",\"image\":\"wp-content\\\/uploads\\\/architetturaRomana.jpg\",\"media_advanced\":true,\"image_size\":\"cover\",\"media_background\":null,\"media_overlay\":\"rgba(0, 0, 0, 0.14)\",\"height\":\"percent\",\"animation\":\"fade\",\"header_transparent\":\"light\",\"image_position\":\"\",\"image_fixed\":false,\"class\":\"\",\"overlap\":true,\"vertical_align\":\"middle\",\"title_position\":\"top-left\",\"title_rotation\":\"left\",\"title_breakpoint\":\"xl\",\"image_width\":\"1920\",\"image_effect\":\"\",\"width_expand\":\"\"},\"children\":[{\"name\":\"\",\"type\":\"row\",\"props\":{\"layout\":\"1-1\",\"breakpoint\":\"m\",\"fixed_width\":\"large\"},\"children\":[{\"name\":\"\",\"type\":\"column\",\"props\":{\"image_position\":\"center-center\",\"widths\":[\"1-1\"],\"media_overlay_gradient\":\"\"},\"children\":[{\"name\":\"\",\"type\":\"text\",\"props\":{\"column_breakpoint\":\"m\",\"margin\":\"remove-vertical\",\"content\":\"\n\n<p>[seopress_breadcrumbs]<\\\/p>\",\"text_style\":\"lead\",\"text_align\":\"center\",\"text_color\":\"\",\"text_size\":\"\",\"column\":\"\",\"text_align_breakpoint\":\"\",\"text_align_fallback\":\"\",\"maxwidth\":\"\",\"maxwidth_breakpoint\":\"\",\"animation\":\"\",\"visibility\":\"\",\"block_align\":\"\",\"position\":\"\",\"position_z_index\":\"\",\"block_align_breakpoint\":\"\",\"block_align_fallback\":\"\"}},{\"name\":\"\",\"type\":\"headline\",\"props\":{\"title_element\":\"h1\",\"title_style\":\"heading-large\",\"content\":\"Architecture romaine\",\"text_align\":\"center\",\"title_decoration\":\"\",\"title_color\":\"\",\"text_align_breakpoint\":\"\",\"text_align_fallback\":\"\",\"maxwidth\":\"\",\"maxwidth_breakpoint\":\"\",\"margin\":\"small\",\"animation\":\"\",\"visibility\":\"\",\"block_align\":\"\",\"title_font_family\":\"\",\"position\":\"\",\"position_z_index\":\"\",\"block_align_breakpoint\":\"\",\"block_align_fallback\":\"\"}},{\"name\":\"\",\"type\":\"text\",\"props\":{\"column_breakpoint\":\"m\",\"margin\":\"remove-vertical\",\"content\":\"\n\n<p>Visites guid\\u00e9es Vall\\u00e9e d'Aoste<\\\/p>\",\"text_style\":\"lead\",\"text_align\":\"center\",\"text_color\":\"\",\"text_size\":\"\",\"column\":\"\",\"text_align_breakpoint\":\"\",\"text_align_fallback\":\"\",\"maxwidth\":\"\",\"maxwidth_breakpoint\":\"\",\"animation\":\"\",\"visibility\":\"\",\"block_align\":\"\",\"position\":\"\",\"position_z_index\":\"\",\"block_align_breakpoint\":\"\",\"block_align_fallback\":\"\"}}]}]}]},{\"name\":\"INTRO\",\"type\":\"section\",\"props\":{\"width\":\"default\",\"padding\":\"small\",\"style\":\"default\",\"text_color\":\"\",\"media\":\"\",\"height_viewport\":false,\"header_overlay\":\"light\",\"animation\":\"slide-top-medium\",\"padding_remove_top\":false,\"image_size\":\"cover\",\"image\":\"\",\"image_position\":\"bottom-center\",\"image_fixed\":false,\"class\":\"\",\"media_overlay\":\"rgba(255, 255, 255, 0.88)\",\"overlap\":false,\"vertical_align\":\"middle\",\"title_position\":\"top-left\",\"title_rotation\":\"left\",\"title_breakpoint\":\"xl\",\"image_effect\":\"\",\"width_expand\":\"\",\"height\":\"\",\"header_transparent\":\"\",\"padding_remove_bottom\":true},\"children\":[{\"name\":\"\",\"type\":\"row\",\"props\":{\"layout\":\"1-1\",\"breakpoint\":\"m\",\"margin\":\"medium\",\"fixed_width\":\"large\"},\"children\":[{\"name\":\"\",\"type\":\"column\",\"props\":{\"image_position\":\"center-center\",\"widths\":[\"1-1\"],\"media_overlay_gradient\":\"\"},\"children\":[{\"name\":\"\",\"type\":\"text\",\"props\":{\"column_breakpoint\":\"m\",\"margin\":\"default\",\"content\":\"\n\n<p>Un guide-conf\\u00e9rencier vous conduira \\u00e0 la d\\u00e9couverte des\\u00a0<strong>sites arch\\u00e9ologiques romains de la Vall\\u00e9e d\\u2019Aoste<\\\/strong>! Vous d\\u00e9couvrirez des lieux pleins de charme le long de la Route des Gaules, comme le monumental\\u00a0<strong>pont romain de Pont-St-Martin<\\\/strong>, l\\u2019incroyable\\u00a0<strong>arc de Donnas<\\\/strong>\\u00a0et le joyau de l\\u2019architecture romaine: le\\u00a0<strong>pont-aqueduc de Pondel<\\\/strong>.<br \\\/>Pour les\\u00a0<strong>groupes scolaires<\\\/strong>\\u00a0nous avons organis\\u00e9 des parcours p\\u00e9dagogiques sur les th\\u00e9matiques de l\\u2019histoire, du patrimoine et de la tradition.<br \\\/>En outre, nous proposons des\\u00a0<strong>visites guid\\u00e9es<\\\/strong>\\u00a0compl\\u00e9t\\u00e9es par la\\u00a0<strong>d\\u00e9gustation de produits typiques de la Vall\\u00e9e d\\u2019Aoste<\\\/strong>.<\\\/p>\",\"text_style\":\"\",\"text_align\":\"justify\",\"text_color\":\"\",\"text_size\":\"large\",\"column\":\"\",\"text_align_breakpoint\":\"\",\"text_align_fallback\":\"\",\"maxwidth\":\"\",\"maxwidth_breakpoint\":\"\",\"animation\":\"\",\"visibility\":\"\",\"block_align\":\"\",\"position\":\"\",\"position_z_index\":\"\",\"block_align_breakpoint\":\"\",\"block_align_fallback\":\"\"}}]}]}]},{\"name\":\"PRESENTAZIONE CASTELLI\",\"type\":\"section\",\"props\":{\"width\":\"default\",\"padding\":\"small\",\"style\":\"default\",\"text_color\":\"\",\"media\":\"\",\"height_viewport\":false,\"header_overlay\":\"light\",\"animation\":\"slide-top-medium\",\"padding_remove_top\":false,\"image_size\":\"cover\",\"image\":\"\",\"image_position\":\"bottom-center\",\"image_fixed\":false,\"class\":\"\",\"media_overlay\":\"rgba(255, 255, 255, 0.88)\",\"overlap\":false,\"vertical_align\":\"middle\",\"title_position\":\"top-left\",\"title_rotation\":\"left\",\"title_breakpoint\":\"xl\",\"image_effect\":\"\",\"width_expand\":\"\",\"height\":\"\",\"header_transparent\":\"\"},\"children\":[{\"name\":\"\",\"type\":\"row\",\"props\":{\"layout\":\"1-1\",\"breakpoint\":\"m\",\"margin\":\"medium\",\"fixed_width\":\"large\"},\"children\":[{\"name\":\"\",\"type\":\"column\",\"props\":{\"image_position\":\"center-center\",\"widths\":[\"1-1\"],\"media_overlay_gradient\":\"\"},\"children\":[{\"type\":\"headline\",\"props\":{\"title_element\":\"h2\",\"title_style\":\"\",\"title_decoration\":\"line\",\"title_color\":\"\",\"text_align\":\"\",\"text_align_breakpoint\":\"\",\"text_align_fallback\":\"\",\"maxwidth\":\"\",\"maxwidth_breakpoint\":\"\",\"margin\":\"\",\"animation\":\"\",\"visibility\":\"\",\"content\":\"\n\n<div class=\\\"  guidetur-hp\\\">\\n\n\n<div class=\\\"  guidetur-hp\\\">\\n\n\n<div class=\\\"  guidetur-hp\\\">\\n\n\n<p>D\\u00e9couvrez nos visites guid\\u00e9es \\u00a0<\\\/p>\\n<\\\/div>\\n<\\\/div>\\n<\\\/div>\",\"block_align\":\"\",\"title_font_family\":\"\",\"position\":\"\",\"position_z_index\":\"\",\"block_align_breakpoint\":\"\",\"block_align_fallback\":\"\"}},{\"name\":\"\",\"type\":\"grid\",\"props\":{\"show_title\":true,\"show_meta\":true,\"show_content\":true,\"show_image\":true,\"show_link\":true,\"grid_default\":\"1\",\"grid_medium\":\"2\",\"title_element\":\"h3\",\"meta_style\":\"meta\",\"meta_align\":\"above-title\",\"icon_ratio\":4,\"image_align\":\"left\",\"image_grid_width\":\"1-2\",\"image_breakpoint\":\"m\",\"link_text\":\"Read more\",\"link_style\":\"default\",\"margin\":\"default\",\"meta_margin\":\"\",\"image_border\":\"rounded\",\"link_size\":\"small\",\"gutter\":\"small\",\"panel_style\":\"card-hover\",\"panel_size\":\"\",\"image_vertical_align\":true,\"title_margin\":\"small\",\"link_type\":\"element\",\"filter_style\":\"tab\",\"filter_all\":true,\"filter_position\":\"top\",\"filter_align\":\"left\",\"filter_grid_width\":\"auto\",\"filter_breakpoint\":\"m\",\"title_align\":\"top\",\"title_grid_width\":\"1-2\",\"title_breakpoint\":\"m\",\"image_svg_color\":\"emphasis\",\"item_animation\":\"\",\"grid_small\":\"\",\"grid_large\":\"\",\"grid_xlarge\":\"\",\"filter_margin\":\"\",\"filter_gutter\":\"\",\"title_display\":\"\",\"content_display\":\"\",\"panel_content_padding\":\"\",\"item_maxwidth\":\"\",\"title_style\":\"\",\"title_decoration\":\"bullet\",\"title_color\":\"\",\"title_gutter\":\"\",\"meta_color\":\"\",\"content_style\":\"\",\"content_margin\":\"\",\"image_box_shadow\":\"\",\"image_hover_box_shadow\":\"\",\"image_box_decoration\":\"\",\"icon_color\":\"\",\"image_gutter\":\"\",\"image_margin\":\"\",\"link_margin\":\"\",\"text_align\":\"justify\",\"text_align_breakpoint\":\"\",\"text_align_fallback\":\"\",\"maxwidth\":\"\",\"maxwidth_breakpoint\":\"\",\"visibility\":\"\",\"block_align\":\"\",\"title_hover_style\":\"reset\",\"title_font_family\":\"\",\"image_transition\":\"\",\"position\":\"\",\"position_z_index\":\"\",\"block_align_breakpoint\":\"\",\"block_align_fallback\":\"\",\"image_width\":\"\"},\"children\":[{\"name\":\"\",\"type\":\"grid_item\",\"props\":{\"content\":\"\n\n<p>A l\\u2019int\\u00e9rieur du village de Pont d\\u2019Ael, dans le pays d\\u2019Aymavilles, se cache une merveille de l\\u2019architecture romaine : le pont-aqueduc qui traverse le torrent...<\\\/p>\",\"title\":\"PONT-AQUEDUC ROMAIN DE PONDEL\",\"meta\":\"\",\"image\":\"wp-content\\\/uploads\\\/pontdAel.jpg\",\"link\":\"\\\/fr\\\/architecture-romaine\\\/pont-aqueduc-romain-pondel\\\/\"}},{\"name\":\"\",\"type\":\"grid_item\",\"props\":{\"content\":\"\n\n<p>La Route fut la premi\\u00e8re infrastructure publique r\\u00e9alis\\u00e9e par les Romains en Vall\\u00e9e d\\u2019Aoste. Aujourd\\u2019hui on peut encore admirer les vestiges arch\\u00e9ologiques de l\\u2019ancien...<\\\/p>\",\"title\":\"LA ROUTE DES GAULES\",\"meta\":\"\",\"image\":\"wp-content\\\/uploads\\\/viaDelleGallieValledAosta.jpg\",\"link\":\"\\\/fr\\\/architecture-romaine\\\/la-routes-des-gaules\\\/\"}},{\"name\":\"\",\"type\":\"grid_item\",\"props\":{\"content\":\"\n\n<p>Le long de quelques portions de la Route des Gaules, la route romaine qui reliait la ville de Rome \\u00e0 la vall\\u00e9e du Rhone, les Romains ont d\\u00e9fi\\u00e9 la nature...<\\\/p>\",\"title\":\"ARC DE DONNAS SUR LA ROUTE DES GAULES\",\"meta\":\"\",\"image\":\"wp-content\\\/uploads\\\/arcoRomanoDonnas.jpg\",\"link\":\"\\\/fr\\\/architecture-romaine\\\/arc-de-donnas\\\/\"}},{\"name\":\"\",\"type\":\"grid_item\",\"props\":{\"content\":\"\n\n<p>Le pont romain de Pont-St-Martin est un important t\\u00e9moignage de la Route des Gaules, la plus grande infrastructure r\\u00e9alis\\u00e9e par les Romains en Vall\\u00e9e d\\u2019Aoste....<\\\/p>\",\"title\":\"PONT ROMAIN DE PONT-ST-MARTIN\",\"meta\":\"\",\"image\":\"wp-content\\\/uploads\\\/ponte-romano-pont-st-martin.jpg\",\"link\":\"\\\/fr\\\/architecture-romaine\\\/pont-romain-de-pont-st-martin\\\/\"}}]},{\"type\":\"headline\",\"props\":{\"title_element\":\"h2\",\"title_style\":\"\",\"title_decoration\":\"line\",\"title_color\":\"\",\"text_align\":\"\",\"text_align_breakpoint\":\"\",\"text_align_fallback\":\"\",\"maxwidth\":\"\",\"maxwidth_breakpoint\":\"\",\"margin\":\"\",\"animation\":\"\",\"visibility\":\"\",\"content\":\"Carte des sites d'architecture romaine\",\"block_align\":\"\",\"title_font_family\":\"\",\"position\":\"\",\"position_z_index\":\"\",\"block_align_breakpoint\":\"\",\"block_align_fallback\":\"\"}}]}]}]},{\"name\":\"MAPPA\",\"type\":\"section\",\"props\":{\"style\":\"default\",\"width\":\"\",\"image_size\":\"cover\",\"height\":\"\",\"padding\":\"none\",\"image_position\":\"center-center\",\"vertical_align\":\"middle\",\"title_position\":\"top-left\",\"title_rotation\":\"left\",\"title_breakpoint\":\"xl\",\"image_effect\":\"\",\"text_color\":\"\",\"width_expand\":\"\",\"header_transparent\":\"\",\"animation\":\"\"},\"children\":[{\"name\":\"\",\"type\":\"row\",\"props\":{\"fixed_width\":\"large\",\"breakpoint\":\"m\",\"layout\":\"1-1\"},\"children\":[{\"name\":\"\",\"type\":\"column\",\"props\":{\"image_position\":\"center-center\",\"widths\":[\"1-1\"],\"media_overlay_gradient\":\"\"},\"children\":[{\"name\":\"\",\"type\":\"map\",\"props\":{\"type\":\"roadmap\",\"zoom\":\"10\",\"controls\":true,\"zooming\":false,\"dragging\":true,\"show_title\":true,\"height\":\"600\",\"maxwidth\":\"\",\"maxwidth_breakpoint\":\"\",\"margin\":\"\",\"animation\":\"\",\"visibility\":\"\",\"block_align\":\"\",\"position\":\"\",\"position_z_index\":\"\",\"block_align_breakpoint\":\"\",\"block_align_fallback\":\"\"},\"children\":[{\"name\":\"\",\"type\":\"map_marker\",\"props\":{\"location\":\"45.6772,7.223\",\"title\":\"Pont d'Ael\",\"show_popup\":false}},{\"name\":\"\",\"type\":\"map_marker\",\"props\":{\"location\":\"45.6023,7.7607\",\"title\":\"Arco di Donnas\"}},{\"name\":\"\",\"type\":\"map_marker\",\"props\":{\"location\":\"45.5991,7.7994\",\"title\":\"Pont-Saint-Martin\"}}]}]}]}]}],\"version\":\"1.21.5\",\"props\":[]} --><\/p>\n","protected":false},"excerpt":{"rendered":"<p>Architecture romaine Visites guid\u00e9es Vall\u00e9e d&rsquo;Aoste Un guide-conf\u00e9rencier vous conduira \u00e0 la d\u00e9couverte des\u00a0sites arch\u00e9ologiques romains de la Vall\u00e9e d\u2019Aoste! Vous d\u00e9couvrirez des lieux pleins de charme le long de la Route des Gaules, comme le monumental\u00a0pont romain de Pont-St-Martin, l\u2019incroyable\u00a0arc de Donnas\u00a0et le joyau de l\u2019architecture romaine: le\u00a0pont-aqueduc de Pondel.Pour les\u00a0groupes scolaires\u00a0nous avons organis\u00e9 [&hellip;]<\/p>\n","protected":false},"author":1,"featured_media":4009,"parent":0,"menu_order":0,"comment_status":"closed","ping_status":"closed","template":"","meta":{"_seopress_robots_primary_cat":"","_seopress_titles_title":"Visite guid\u00e9e de l&#039;architecture romaine de la Vall\u00e9e d&#039;Aoste","_seopress_titles_desc":"Un guide-conf\u00e9rencier vous conduira \u00e0 la d\u00e9couverte des sites arch\u00e9ologiques romains de la Vall\u00e9e d&#039;Aoste: arc de Donnas et pont-aqueduc de Pondel.","_seopress_robots_index":"","footnotes":""},"class_list":["post-4040","page","type-page","status-publish","has-post-thumbnail","hentry"],"_links":{"self":[{"href":"https:\/\/www.guideturistiche.vda.it\/fr\/wp-json\/wp\/v2\/pages\/4040","targetHints":{"allow":["GET"]}}],"collection":[{"href":"https:\/\/www.guideturistiche.vda.it\/fr\/wp-json\/wp\/v2\/pages"}],"about":[{"href":"https:\/\/www.guideturistiche.vda.it\/fr\/wp-json\/wp\/v2\/types\/page"}],"author":[{"embeddable":true,"href":"https:\/\/www.guideturistiche.vda.it\/fr\/wp-json\/wp\/v2\/users\/1"}],"replies":[{"embeddable":true,"href":"https:\/\/www.guideturistiche.vda.it\/fr\/wp-json\/wp\/v2\/comments?post=4040"}],"version-history":[{"count":10,"href":"https:\/\/www.guideturistiche.vda.it\/fr\/wp-json\/wp\/v2\/pages\/4040\/revisions"}],"predecessor-version":[{"id":4123,"href":"https:\/\/www.guideturistiche.vda.it\/fr\/wp-json\/wp\/v2\/pages\/4040\/revisions\/4123"}],"wp:featuredmedia":[{"embeddable":true,"href":"https:\/\/www.guideturistiche.vda.it\/fr\/wp-json\/wp\/v2\/media\/4009"}],"wp:attachment":[{"href":"https:\/\/www.guideturistiche.vda.it\/fr\/wp-json\/wp\/v2\/media?parent=4040"}],"curies":[{"name":"wp","href":"https:\/\/api.w.org\/{rel}","templated":true}]}}