{"id":3693,"date":"2019-07-19T08:18:42","date_gmt":"2019-07-19T08:18:42","guid":{"rendered":"https:\/\/www.guideturistiche.vda.it\/?page_id=3693"},"modified":"2019-07-31T10:07:57","modified_gmt":"2019-07-31T10:07:57","slug":"chateau-sarriod-de-la-tour","status":"publish","type":"page","link":"https:\/\/www.guideturistiche.vda.it\/fr\/chateaux\/chateau-sarriod-de-la-tour\/","title":{"rendered":"Ch\u00e2teau Sarriod de la Tour"},"content":{"rendered":"<h1>Ch\u00e2teau Sarriod de la Tour<\/h1>\n<div>\n<nav  aria-label=\"Fil d&#039;Ariane\"><ol class=\"breadcrumb\"><li class=\"breadcrumb-item active\" aria-current=\"page\"><span>Guide Turistiche Valle d'Aosta<\/span><\/li><\/ol><\/nav>\n<\/div>\n<p><img decoding=\"async\" src=\"wp-content\/uploads\/castelloSarriodDeLaTour.jpg\" alt=\"\"><\/p>\n<ul>\n<li>\n<h3>Monument payant<\/h3>\n<div><span uk-icon=\"icon: credit-card; ratio:2\"><\/span><\/div>\n<\/li>\n<li>\n<h3>Partiellement accessible aux personnes \u00e0 mobilit\u00e9 r\u00e9duite\t<\/h3>\n<div><span uk-icon=\"icon: warning; ratio:2\"><\/span><\/div>\n<\/li>\n<li>\n<h3>Visites pour groupes<\/h3>\n<div><span uk-icon=\"icon: users; ratio:2\"><\/span><\/div>\n<\/li>\n<li>\n<h3>Visites pour individuels<\/h3>\n<div><span uk-icon=\"icon: user; ratio:2\"><\/span><\/div>\n<\/li>\n<li>\n<h3>Dur\u00e9e de la visite: 30 minutes \u00e0 l&rsquo;interieur et 15 minutes \u00e0 l&rsquo;exterieur<\/h3>\n<div><span uk-icon=\"icon: clock; ratio:2\"><\/span><\/div>\n<\/li>\n<li>\n<h3>Opinions de nos clients &#8211; 217 commentaires<\/h3>\n<div><span uk-icon=\"icon: star; ratio:2\" style=\"color:#ffc903\"><\/span><span uk-icon=\"icon: star; ratio:2\" style=\"color:#ffc903\"><\/span><span uk-icon=\"icon: star; ratio:2\" style=\"color:#ffc903\"><\/span><span uk-icon=\"icon: star; ratio:2\" style=\"color:#ffc903\"><\/span><span uk-icon=\"icon: star; ratio:2\" style=\"color:#ffc903\"><\/span><\/div>\n<\/li>\n<\/ul>\n<div>\n<p>    <script type=\"application\/ld+json\">\n{\n  \"@context\": \"https:\/\/schema.org\/\",\n  \"@type\": \"TouristAttraction\",\n  \"name\": \"Ch\u00e2teau Sarriod de la Tour\",\n  \"description\": \"Dans un milieu magique, sur une petite plaine qui termine en surplomb sur la Doire Balt\u00e9e, s\u2019\u00e9l\u00e8ve le ch\u00e2teau Sarriod de la Tour entour\u00e9 de champs de pommiers. Ce manoir a \u00e9t\u00e9 plusieurs fois restaur\u00e9 et \u00e9largi au cours des si\u00e8cles. La partie la plus ancienne date du XI-XII si\u00e8cle. Au cours des si\u00e8cles, diff\u00e9rentes structures ont agrandi le b\u00e2timent original, en donnant au ch\u00e2teau une image s\u00e9duisante.\",\n\"publicAccess\": true,\n  \"touristType\": [\n      \"Cultural tourism\"\n],\n\"aggregateRating\": {\n    \"@type\": \"AggregateRating\",\n    \"ratingValue\": \"100\",\n    \"bestRating\": \"100\",\n    \"ratingCount\": \"217\"\n  }\n}\n<\/script>\n<\/div>\n<h2>L&rsquo;histoire du Ch\u00e2teau Sarriod de la Tour<\/h2>\n<div>\n<p>Dans un <strong>milieu magique<\/strong>, sur une petite plaine qui termine en surplomb sur la <strong>Doire Balt\u00e9e<\/strong>, s\u2019\u00e9l\u00e8ve le <strong>ch\u00e2teau Sarriod de la Tour <\/strong>entour\u00e9 de champs de <strong>pommiers<\/strong>. Ce manoir a \u00e9t\u00e9 plusieurs fois <strong>restaur\u00e9<\/strong> et <strong>\u00e9largi<\/strong> au cours des si\u00e8cles. La partie la plus ancienne date du XI-XII si\u00e8cle. Au cours des si\u00e8cles, diff\u00e9rentes structures ont agrandi le b\u00e2timent original, en donnant au ch\u00e2teau\u00a0une<strong> image s\u00e9duisante.<\/strong><\/p>\n<p>A l\u2019int\u00e9rieur, pendant le parcours de visite, on peut admirer la <strong>chapelle<\/strong>, o\u00f9 il y a un int\u00e9ressant <strong>cycle de fresques<\/strong> du XIII si\u00e8cle, un \u00ab\u00a0viret\u00a0\u00bb (escalier en colima\u00e7on) du XV si\u00e8cle et l\u2019extraordinaire \u00ab<strong>\u00a0salle des t\u00eates<\/strong>\u00a0\u00bb, qui doit son nom aux <strong>d\u00e9corations pr\u00e9sentes sur le plafond<\/strong> en bois du XVI si\u00e8cle, qui repr\u00e9sentent des personnages curieux, parfois obsc\u00e8nes et des <strong>\u00eatres fantastiques<\/strong> et <strong>monstrueux<\/strong>.<\/p>\n<p>Il est possible d\u2019arriver au ch\u00e2teau en parcourant un <strong>bref chemin de 5 minutes<\/strong> qui part du <strong>parking<\/strong> des voitures et des cars.<\/p>\n<p><strong>Le ch\u00e2teau est partiellement accessible aux personnes \u00e0 mobilit\u00e9 r\u00e9duite.<\/strong><\/p>\n<\/div>\n<h2>R\u00e9server une visite<\/h2>\n<div>\n\n<div class=\"wpcf7 no-js\" id=\"wpcf7-f3558-o1\" lang=\"it-IT\" dir=\"ltr\" data-wpcf7-id=\"3558\">\n<div class=\"screen-reader-response\"><p role=\"status\" aria-live=\"polite\" aria-atomic=\"true\"><\/p> <ul><\/ul><\/div>\n<form action=\"\/fr\/wp-json\/wp\/v2\/pages\/3693#wpcf7-f3558-o1\" method=\"post\" class=\"wpcf7-form init\" aria-label=\"Modulo di contatto\" novalidate=\"novalidate\" data-status=\"init\">\n<fieldset class=\"hidden-fields-container\"><input type=\"hidden\" name=\"_wpcf7\" value=\"3558\" \/><input type=\"hidden\" name=\"_wpcf7_version\" value=\"6.1.5\" \/><input type=\"hidden\" name=\"_wpcf7_locale\" value=\"it_IT\" \/><input type=\"hidden\" name=\"_wpcf7_unit_tag\" value=\"wpcf7-f3558-o1\" \/><input type=\"hidden\" name=\"_wpcf7_container_post\" value=\"0\" \/><input type=\"hidden\" name=\"_wpcf7_posted_data_hash\" value=\"\" \/><input type=\"hidden\" name=\"_wpcf7dtx_version\" value=\"5.0.5\" \/>\n<\/fieldset>\n<p><span class=\"wpcf7-form-control-wrap\" data-name=\"your-name\"><input size=\"40\" maxlength=\"400\" class=\"wpcf7-form-control wpcf7-text wpcf7-validates-as-required uk-input\" aria-required=\"true\" aria-invalid=\"false\" placeholder=\"Nom et Pr\u00e8nom\" value=\"\" type=\"text\" name=\"your-name\" \/><\/span>\n<\/p>\n<p><span class=\"wpcf7-form-control-wrap\" data-name=\"your-phone\"><input size=\"40\" maxlength=\"400\" class=\"wpcf7-form-control wpcf7-text wpcf7-validates-as-required uk-input\" aria-required=\"true\" aria-invalid=\"false\" placeholder=\"T\u00e9l\u00e9phone\" value=\"\" type=\"text\" name=\"your-phone\" \/><\/span>\n<\/p>\n<p><span class=\"wpcf7-form-control-wrap\" data-name=\"your-email\"><input size=\"40\" maxlength=\"400\" class=\"wpcf7-form-control wpcf7-email wpcf7-validates-as-required wpcf7-text wpcf7-validates-as-email uk-input\" aria-required=\"true\" aria-invalid=\"false\" placeholder=\"Email\" value=\"\" type=\"email\" name=\"your-email\" \/><\/span>\n<\/p>\n<p><span class=\"wpcf7-form-control-wrap\" data-name=\"messaggio\"><textarea cols=\"40\" rows=\"10\" maxlength=\"2000\" class=\"wpcf7-form-control wpcf7-textarea wpcf7-validates-as-required uk-textarea\" aria-required=\"true\" aria-invalid=\"false\" placeholder=\"Message\" name=\"messaggio\"><\/textarea><\/span>\n<\/p>\n<p><span class=\"wpcf7-form-control-wrap\" data-name=\"Accettazione-privacy\"><span class=\"wpcf7-form-control wpcf7-acceptance\"><span class=\"wpcf7-list-item\"><label><input type=\"checkbox\" name=\"Accettazione-privacy\" value=\"1\" class=\"uk-checkbox\" aria-invalid=\"false\" \/><span class=\"wpcf7-list-item-label\">Je consens au traitement de mes donn\u00e9es personnelles<\/span><\/label><\/span><\/span><\/span><br \/>\n<span class=\"wpcf7-form-control-wrap url\" data-name=\"url\"><input type=\"hidden\" name=\"url\" class=\"wpcf7-form-control wpcf7-hidden wpcf7dtx wpcf7dtx-hidden\" aria-invalid=\"false\" value=\"https:\/\/www.guideturistiche.vda.it\/fr\/wp-json\/wp\/v2\/pages\/3693\"><\/span>\n<\/p>\n<p><input class=\"wpcf7-form-control wpcf7-submit has-spinner uk-button uk-button-danger\" type=\"submit\" value=\"&gt;&gt; Envoyer\" \/>\n<\/p><div class=\"wpcf7-response-output\" aria-hidden=\"true\"><\/div>\n<\/form>\n<\/div>\n\n<\/div>\n<p><!-- {\"name\":\"Pagina interna visita FR\",\"type\":\"layout\",\"children\":[{\"name\":\"Article\",\"type\":\"section\",\"props\":{\"style\":\"default\",\"width\":\"default\",\"image_size\":\"contain\",\"animation\":\"slide-left-small\",\"padding\":\"small\",\"padding_remove_top\":false,\"image\":\"\",\"image_position\":\"bottom-center\",\"media_overlay\":\"rgba(254, 254, 254, 0.84)\",\"class\":\"\",\"image_effect\":\"\",\"vertical_align\":\"middle\",\"title_position\":\"top-left\",\"title_rotation\":\"left\",\"title_breakpoint\":\"xl\",\"text_color\":\"\",\"width_expand\":\"\",\"height\":\"\",\"header_transparent\":\"\"},\"children\":[{\"name\":\"\",\"type\":\"row\",\"props\":{\"fixed_width\":\"large\",\"breakpoint\":\"m\",\"layout\":\"1-1\",\"gutter\":\"\",\"width\":\"\",\"width_expand\":\"\",\"height\":\"\",\"margin\":\"small\",\"class\":\"\",\"margin_remove_bottom\":false,\"margin_remove_top\":false},\"children\":[{\"name\":\"\",\"type\":\"column\",\"props\":{\"image_position\":\"center-center\",\"widths\":[\"1-1\"],\"media_overlay_gradient\":\"\",\"vertical_align\":\"\",\"style\":\"\",\"text_color\":\"\",\"padding\":\"\"},\"children\":[{\"name\":\"\",\"type\":\"headline\",\"props\":{\"title_element\":\"h1\",\"content\":\"Ch\\u00e2teau Sarriod de la Tour\",\"title_style\":\"h1\",\"text_align\":\"center\",\"title_decoration\":\"\",\"animation\":\"slide-bottom-small\",\"margin\":\"medium\",\"title_color\":\"\",\"text_align_breakpoint\":\"\",\"text_align_fallback\":\"\",\"maxwidth\":\"\",\"maxwidth_breakpoint\":\"\",\"visibility\":\"\",\"block_align\":\"\",\"title_font_family\":\"\",\"position\":\"\",\"position_z_index\":\"\",\"block_align_breakpoint\":\"\",\"block_align_fallback\":\"\"}},{\"type\":\"text\",\"props\":{\"margin\":\"default\",\"column_breakpoint\":\"m\",\"text_style\":\"\",\"text_color\":\"\",\"text_size\":\"\",\"column\":\"\",\"text_align\":\"center\",\"text_align_breakpoint\":\"\",\"text_align_fallback\":\"\",\"maxwidth\":\"\",\"maxwidth_breakpoint\":\"\",\"animation\":\"\",\"visibility\":\"\",\"content\":\"\n\n<p>[seopress_breadcrumbs]<\\\/p>\",\"block_align\":\"\",\"position\":\"\",\"position_z_index\":\"\",\"block_align_breakpoint\":\"\",\"block_align_fallback\":\"\"}}]}]},{\"name\":\"\",\"type\":\"row\",\"props\":{\"fixed_width\":\"large\",\"breakpoint\":\"m\",\"layout\":\"2-3,\",\"gutter\":\"large\",\"margin\":\"medium\",\"width\":\"\",\"width_expand\":\"\",\"height\":\"\",\"margin_remove_top\":false},\"children\":[{\"name\":\"\",\"type\":\"column\",\"props\":{\"image_position\":\"center-center\",\"widths\":[\"2-3\"],\"media_overlay_gradient\":\"\",\"vertical_align\":\"\",\"style\":\"\",\"text_color\":\"\",\"padding\":\"\"},\"children\":[{\"name\":\"\",\"type\":\"image\",\"props\":{\"margin\":\"default\",\"image\":\"wp-content\\\/uploads\\\/castelloSarriodDeLaTour.jpg\",\"animation\":\"slide-left-small\",\"image_svg_color\":\"emphasis\",\"link_target\":\"\",\"image_border\":\"\",\"image_box_shadow\":\"\",\"image_hover_box_shadow\":\"\",\"image_box_decoration\":\"primary\",\"text_align\":\"\",\"text_align_breakpoint\":\"\",\"text_align_fallback\":\"\",\"maxwidth\":\"\",\"maxwidth_breakpoint\":\"\",\"visibility\":\"\",\"image_box_decoration_inverse\":false,\"image_svg_inline\":false,\"block_align\":\"\",\"position\":\"\",\"position_z_index\":\"\",\"block_align_breakpoint\":\"\",\"block_align_fallback\":\"\"}}]},{\"name\":\"\",\"type\":\"column\",\"props\":{\"image_position\":\"center-center\",\"widths\":[\"\"],\"media_overlay_gradient\":\"\",\"vertical_align\":\"\",\"style\":\"\",\"text_color\":\"\",\"padding\":\"\"},\"children\":[{\"name\":\"\",\"type\":\"description_list\",\"props\":{\"list_style\":\"divider\",\"list_size\":true,\"layout\":\"stacked\",\"title_style\":\"h3\",\"animation\":\"slide-right-small\",\"show_link\":true,\"show_title\":true,\"show_meta\":true,\"show_content\":true,\"width\":\"auto\",\"gutter\":\"small\",\"meta_style\":\"meta\",\"meta_align\":\"below-content\",\"breakpoint\":\"\",\"title_color\":\"\",\"meta_color\":\"\",\"content_style\":\"\",\"link_style\":\"\",\"text_align\":\"\",\"text_align_breakpoint\":\"\",\"text_align_fallback\":\"\",\"maxwidth\":\"\",\"maxwidth_breakpoint\":\"\",\"margin\":\"\",\"visibility\":\"\",\"css\":\"polygon{\\n\\tfill:#ffc903;\\n}\\n\\nsvg{\\n    margin-top: 0.5em;\\n}\",\"block_align\":\"\",\"position\":\"\",\"position_z_index\":\"\",\"block_align_breakpoint\":\"\",\"block_align_fallback\":\"\",\"title_font_family\":\"\"},\"children\":[{\"name\":\"\",\"type\":\"description_list_item\",\"props\":{\"title\":\"Monument payant\",\"content\":\"<span uk-icon=\\\"icon: credit-card; ratio:2\\\"><\\\/span>\"}},{\"name\":\"\",\"type\":\"description_list_item\",\"props\":{\"title\":\"Partiellement accessible aux personnes \\u00e0 mobilit\\u00e9 r\\u00e9duite\\t\",\"content\":\"<span uk-icon=\\\"icon: warning; ratio:2\\\"><\\\/span>\"}},{\"name\":\"\",\"type\":\"description_list_item\",\"props\":{\"title\":\"Visites pour groupes\",\"content\":\"<span uk-icon=\\\"icon: users; ratio:2\\\"><\\\/span>\"}},{\"name\":\"\",\"type\":\"description_list_item\",\"props\":{\"title\":\"Visites pour individuels\",\"content\":\"<span uk-icon=\\\"icon: user; ratio:2\\\"><\\\/span>\"}},{\"name\":\"\",\"type\":\"description_list_item\",\"props\":{\"title\":\"Dur\\u00e9e de la visite: 30 minutes \\u00e0 l'interieur et 15 minutes \\u00e0 l'exterieur\",\"content\":\"<span uk-icon=\\\"icon: clock; ratio:2\\\"><\\\/span>\"}},{\"name\":\"\",\"type\":\"description_list_item\",\"props\":{\"title\":\"Opinions de nos clients - 217 commentaires\",\"content\":\"<span uk-icon=\\\"icon: star; ratio:2\\\" style=\\\"color:#ffc903\\\"><\\\/span><span uk-icon=\\\"icon: star; ratio:2\\\" style=\\\"color:#ffc903\\\"><\\\/span><span uk-icon=\\\"icon: star; ratio:2\\\" style=\\\"color:#ffc903\\\"><\\\/span><span uk-icon=\\\"icon: star; ratio:2\\\" style=\\\"color:#ffc903\\\"><\\\/span><span uk-icon=\\\"icon: star; ratio:2\\\" style=\\\"color:#ffc903\\\"><\\\/span>\",\"meta\":\"\"}}]},{\"type\":\"html\",\"props\":{\"content\":\"<script type=\\\"application\\\/ld+json\\\">\\n{\\n  \\\"@context\\\": \\\"https:\\\/\\\/schema.org\\\/\\\",\\n  \\\"@type\\\": \\\"TouristAttraction\\\",\\n  \\\"name\\\": \\\"Ch\\u00e2teau Sarriod de la Tour\\\",\\n  \\\"description\\\": \\\"Dans un milieu magique, sur une petite plaine qui termine en surplomb sur la Doire Balt\\u00e9e, s\\u2019\\u00e9l\\u00e8ve le ch\\u00e2teau Sarriod de la Tour entour\\u00e9 de champs de pommiers. Ce manoir a \\u00e9t\\u00e9 plusieurs fois restaur\\u00e9 et \\u00e9largi au cours des si\\u00e8cles. La partie la plus ancienne date du XI-XII si\\u00e8cle. Au cours des si\\u00e8cles, diff\\u00e9rentes structures ont agrandi le b\\u00e2timent original, en donnant au ch\\u00e2teau une image s\\u00e9duisante.\\\",\\n\\\"publicAccess\\\": true,\\n  \\\"touristType\\\": [\\n      \\\"Cultural tourism\\\"\\n],\\n\\\"aggregateRating\\\": {\\n    \\\"@type\\\": \\\"AggregateRating\\\",\\n    \\\"ratingValue\\\": \\\"100\\\",\\n    \\\"bestRating\\\": \\\"100\\\",\\n    \\\"ratingCount\\\": \\\"217\\\"\\n  }\\n}\\n<\\\/script>\"}}]}]}]},{\"type\":\"section\",\"props\":{\"style\":\"default\",\"width\":\"default\",\"vertical_align\":\"middle\",\"title_position\":\"top-left\",\"title_rotation\":\"left\",\"title_breakpoint\":\"xl\",\"image_position\":\"center-center\",\"text_color\":\"\",\"width_expand\":\"\",\"height\":\"\",\"padding\":\"\",\"header_transparent\":\"\",\"animation\":\"\"},\"children\":[{\"type\":\"row\",\"props\":{\"layout\":\"1-1\",\"breakpoint\":\"m\",\"fixed_width\":\"large\",\"gutter\":\"\",\"width\":\"\",\"width_expand\":\"\",\"height\":\"\",\"margin\":\"\"},\"children\":[{\"type\":\"column\",\"props\":{\"widths\":[\"1-1\"],\"image_position\":\"center-center\",\"media_overlay_gradient\":\"\",\"vertical_align\":\"\",\"style\":\"\",\"text_color\":\"\",\"padding\":\"\"},\"children\":[{\"name\":\"\",\"type\":\"headline\",\"props\":{\"title_element\":\"h2\",\"content\":\"L'histoire du Ch\\u00e2teau Sarriod de la Tour\",\"title_decoration\":\"line\",\"title_style\":\"\",\"title_color\":\"\",\"text_align\":\"\",\"text_align_breakpoint\":\"\",\"text_align_fallback\":\"\",\"maxwidth\":\"\",\"maxwidth_breakpoint\":\"\",\"margin\":\"\",\"animation\":\"\",\"visibility\":\"\",\"block_align\":\"\",\"title_font_family\":\"\",\"position\":\"\",\"position_z_index\":\"\",\"block_align_breakpoint\":\"\",\"block_align_fallback\":\"\"}},{\"name\":\"\",\"type\":\"text\",\"props\":{\"column_breakpoint\":\"m\",\"margin\":\"default\",\"content\":\"\n\n<p>Dans un <strong>milieu magique<\\\/strong>, sur une petite plaine qui termine en surplomb sur la <strong>Doire Balt\\u00e9e<\\\/strong>, s\\u2019\\u00e9l\\u00e8ve le <strong>ch\\u00e2teau Sarriod de la Tour <\\\/strong>entour\\u00e9 de champs de <strong>pommiers<\\\/strong>. Ce manoir a \\u00e9t\\u00e9 plusieurs fois <strong>restaur\\u00e9<\\\/strong> et <strong>\\u00e9largi<\\\/strong> au cours des si\\u00e8cles. La partie la plus ancienne date du XI-XII si\\u00e8cle. Au cours des si\\u00e8cles, diff\\u00e9rentes structures ont agrandi le b\\u00e2timent original, en donnant au ch\\u00e2teau\\u00a0une<strong> image s\\u00e9duisante.<\\\/strong><\\\/p>\\n\n\n<p>A l\\u2019int\\u00e9rieur, pendant le parcours de visite, on peut admirer la <strong>chapelle<\\\/strong>, o\\u00f9 il y a un int\\u00e9ressant <strong>cycle de fresques<\\\/strong> du XIII si\\u00e8cle, un \\u00ab\\u00a0viret\\u00a0\\u00bb (escalier en colima\\u00e7on) du XV si\\u00e8cle et l\\u2019extraordinaire \\u00ab<strong>\\u00a0salle des t\\u00eates<\\\/strong>\\u00a0\\u00bb, qui doit son nom aux <strong>d\\u00e9corations pr\\u00e9sentes sur le plafond<\\\/strong> en bois du XVI si\\u00e8cle, qui repr\\u00e9sentent des personnages curieux, parfois obsc\\u00e8nes et des <strong>\\u00eatres fantastiques<\\\/strong> et <strong>monstrueux<\\\/strong>.<\\\/p>\\n\n\n<p>Il est possible d\\u2019arriver au ch\\u00e2teau en parcourant un <strong>bref chemin de 5 minutes<\\\/strong> qui part du <strong>parking<\\\/strong> des voitures et des cars.<\\\/p>\\n\n\n<p><strong>Le ch\\u00e2teau est partiellement accessible aux personnes \\u00e0 mobilit\\u00e9 r\\u00e9duite.<\\\/strong><\\\/p>\",\"text_style\":\"\",\"text_color\":\"\",\"text_size\":\"\",\"column\":\"\",\"text_align\":\"justify\",\"text_align_breakpoint\":\"\",\"text_align_fallback\":\"\",\"maxwidth\":\"\",\"maxwidth_breakpoint\":\"\",\"animation\":\"\",\"visibility\":\"\",\"block_align\":\"\",\"position\":\"\",\"position_z_index\":\"\",\"block_align_breakpoint\":\"\",\"block_align_fallback\":\"\"}}]}]},{\"type\":\"row\",\"props\":{\"layout\":\"1-1\",\"breakpoint\":\"m\",\"fixed_width\":\"large\",\"gutter\":\"\",\"width\":\"\",\"width_expand\":\"\",\"height\":\"\",\"margin\":\"\"},\"children\":[{\"type\":\"column\",\"props\":{\"widths\":[\"1-1\"],\"image_position\":\"center-center\",\"media_overlay_gradient\":\"\",\"vertical_align\":\"\",\"style\":\"\",\"text_color\":\"\",\"padding\":\"\"},\"children\":[{\"name\":\"\",\"type\":\"headline\",\"props\":{\"title_element\":\"h2\",\"content\":\"R\\u00e9server une visite\",\"title_decoration\":\"line\",\"title_style\":\"\",\"title_color\":\"\",\"text_align\":\"\",\"text_align_breakpoint\":\"\",\"text_align_fallback\":\"\",\"maxwidth\":\"\",\"maxwidth_breakpoint\":\"\",\"margin\":\"\",\"animation\":\"\",\"visibility\":\"\",\"block_align\":\"\",\"title_font_family\":\"\",\"position\":\"\",\"position_z_index\":\"\",\"block_align_breakpoint\":\"\",\"block_align_fallback\":\"\"}},{\"name\":\"\",\"type\":\"text\",\"props\":{\"column_breakpoint\":\"m\",\"margin\":\"default\",\"content\":\"\n\n<p>[contact-form-7 id=\\\"3558\\\" title=\\\"Contatto_fr\\\"]<\\\/p>\",\"text_style\":\"\",\"text_color\":\"\",\"text_size\":\"\",\"column\":\"\",\"text_align\":\"justify\",\"text_align_breakpoint\":\"\",\"text_align_fallback\":\"\",\"maxwidth\":\"\",\"maxwidth_breakpoint\":\"\",\"animation\":\"\",\"visibility\":\"\",\"block_align\":\"\",\"position\":\"\",\"position_z_index\":\"\",\"block_align_breakpoint\":\"\",\"block_align_fallback\":\"\"}}]}]}],\"name\":\"Histoire\"}],\"version\":\"1.21.6\",\"props\":[]} --><\/p>\n","protected":false},"excerpt":{"rendered":"<p>Ch\u00e2teau Sarriod de la Tour Monument payant Partiellement accessible aux personnes \u00e0 mobilit\u00e9 r\u00e9duite Visites pour groupes Visites pour individuels Dur\u00e9e de la visite: 30 minutes \u00e0 l&rsquo;interieur et 15 minutes \u00e0 l&rsquo;exterieur Opinions de nos clients &#8211; 217 commentaires L&rsquo;histoire du Ch\u00e2teau Sarriod de la Tour Dans un milieu magique, sur une petite plaine [&hellip;]<\/p>\n","protected":false},"author":1,"featured_media":2119,"parent":3501,"menu_order":1,"comment_status":"closed","ping_status":"closed","template":"","meta":{"_seopress_robots_primary_cat":"","_seopress_titles_title":"Ch\u00e2teau Sarriod de la Tour: visite guid\u00e9e par des conf\u00e9renciers","_seopress_titles_desc":"Un guide-conf\u00e9rencier vous conduira \u00e0 la d\u00e9couverte du ch\u00e2teau Sarriod de la Tour pour une visite guid\u00e9e en Vall\u00e9e d&#039;Aoste inoubliable.","_seopress_robots_index":"","footnotes":""},"class_list":["post-3693","page","type-page","status-publish","has-post-thumbnail","hentry"],"_links":{"self":[{"href":"https:\/\/www.guideturistiche.vda.it\/fr\/wp-json\/wp\/v2\/pages\/3693","targetHints":{"allow":["GET"]}}],"collection":[{"href":"https:\/\/www.guideturistiche.vda.it\/fr\/wp-json\/wp\/v2\/pages"}],"about":[{"href":"https:\/\/www.guideturistiche.vda.it\/fr\/wp-json\/wp\/v2\/types\/page"}],"author":[{"embeddable":true,"href":"https:\/\/www.guideturistiche.vda.it\/fr\/wp-json\/wp\/v2\/users\/1"}],"replies":[{"embeddable":true,"href":"https:\/\/www.guideturistiche.vda.it\/fr\/wp-json\/wp\/v2\/comments?post=3693"}],"version-history":[{"count":9,"href":"https:\/\/www.guideturistiche.vda.it\/fr\/wp-json\/wp\/v2\/pages\/3693\/revisions"}],"predecessor-version":[{"id":5387,"href":"https:\/\/www.guideturistiche.vda.it\/fr\/wp-json\/wp\/v2\/pages\/3693\/revisions\/5387"}],"up":[{"embeddable":true,"href":"https:\/\/www.guideturistiche.vda.it\/fr\/wp-json\/wp\/v2\/pages\/3501"}],"wp:featuredmedia":[{"embeddable":true,"href":"https:\/\/www.guideturistiche.vda.it\/fr\/wp-json\/wp\/v2\/media\/2119"}],"wp:attachment":[{"href":"https:\/\/www.guideturistiche.vda.it\/fr\/wp-json\/wp\/v2\/media?parent=3693"}],"curies":[{"name":"wp","href":"https:\/\/api.w.org\/{rel}","templated":true}]}}